{"id":883,"date":"2024-02-10T10:02:59","date_gmt":"2024-02-10T09:02:59","guid":{"rendered":"https:\/\/xn--vganesbtforening-dobg.no\/?page_id=883"},"modified":"2024-02-10T10:39:31","modified_gmt":"2024-02-10T09:39:31","slug":"havnereglement","status":"publish","type":"page","link":"https:\/\/xn--vganesbtforening-dobg.no\/index.php\/havnereglement\/","title":{"rendered":"Havnereglement"},"content":{"rendered":"\t\t<div data-elementor-type=\"wp-page\" data-elementor-id=\"883\" class=\"elementor elementor-883\" data-elementor-settings=\"[]\">\n\t\t\t\t\t\t\t<div class=\"elementor-section-wrap\">\n\t\t\t\t\t\t\t<section class=\"elementor-section elementor-top-section elementor-element elementor-element-95fb29e elementor-section-full_width elementor-section-stretched elementor-section-height-default elementor-section-height-default\" data-id=\"95fb29e\" data-element_type=\"section\" data-settings=\"{&quot;stretch_section&quot;:&quot;section-stretched&quot;}\">\n\t\t\t\t\t\t<div class=\"elementor-container elementor-column-gap-default\">\n\t\t\t\t\t<div class=\"elementor-column elementor-col-100 elementor-top-column elementor-element elementor-element-2a0a6cf\" data-id=\"2a0a6cf\" data-element_type=\"column\">\n\t\t\t<div class=\"elementor-widget-wrap elementor-element-populated\">\n\t\t\t\t\t\t\t\t<div class=\"elementor-element elementor-element-46404ed elementor-widget elementor-widget-image\" data-id=\"46404ed\" data-element_type=\"widget\" data-widget_type=\"image.default\">\n\t\t\t\t<div class=\"elementor-widget-container\">\n\t\t\t<style>\/*! elementor - v3.5.3 - 28-12-2021 *\/\n.elementor-widget-image{text-align:center}.elementor-widget-image a{display:inline-block}.elementor-widget-image a img[src$=\".svg\"]{width:48px}.elementor-widget-image img{vertical-align:middle;display:inline-block}<\/style>\t\t\t\t\t\t\t\t\t\t\t\t<img loading=\"lazy\" decoding=\"async\" width=\"2560\" height=\"1707\" src=\"https:\/\/xn--vganesbtforening-dobg.no\/wp-content\/uploads\/2024\/02\/pexels-nubia-navarro-nubikini-386020-scaled.jpeg\" class=\"attachment-full size-full\" alt=\"\" srcset=\"https:\/\/xn--vganesbtforening-dobg.no\/wp-content\/uploads\/2024\/02\/pexels-nubia-navarro-nubikini-386020-scaled.jpeg 2560w, https:\/\/xn--vganesbtforening-dobg.no\/wp-content\/uploads\/2024\/02\/pexels-nubia-navarro-nubikini-386020-300x200.jpeg 300w, https:\/\/xn--vganesbtforening-dobg.no\/wp-content\/uploads\/2024\/02\/pexels-nubia-navarro-nubikini-386020-1024x683.jpeg 1024w, https:\/\/xn--vganesbtforening-dobg.no\/wp-content\/uploads\/2024\/02\/pexels-nubia-navarro-nubikini-386020-768x512.jpeg 768w, https:\/\/xn--vganesbtforening-dobg.no\/wp-content\/uploads\/2024\/02\/pexels-nubia-navarro-nubikini-386020-1536x1024.jpeg 1536w, https:\/\/xn--vganesbtforening-dobg.no\/wp-content\/uploads\/2024\/02\/pexels-nubia-navarro-nubikini-386020-2048x1365.jpeg 2048w\" sizes=\"(max-width: 2560px) 100vw, 2560px\" \/>\t\t\t\t\t\t\t\t\t\t\t\t\t\t\t<\/div>\n\t\t\t\t<\/div>\n\t\t\t\t\t<\/div>\n\t\t<\/div>\n\t\t\t\t\t\t\t<\/div>\n\t\t<\/section>\n\t\t\t\t<section class=\"elementor-section elementor-top-section elementor-element elementor-element-a42f918 elementor-section-full_width elementor-section-stretched elementor-section-height-default elementor-section-height-default\" data-id=\"a42f918\" data-element_type=\"section\" data-settings=\"{&quot;stretch_section&quot;:&quot;section-stretched&quot;}\">\n\t\t\t\t\t\t<div class=\"elementor-container elementor-column-gap-default\">\n\t\t\t\t\t<div class=\"elementor-column elementor-col-100 elementor-top-column elementor-element elementor-element-190366a\" data-id=\"190366a\" data-element_type=\"column\">\n\t\t\t<div class=\"elementor-widget-wrap elementor-element-populated\">\n\t\t\t\t\t\t\t\t<div class=\"elementor-element elementor-element-943ee84 elementor-widget elementor-widget-spacer\" data-id=\"943ee84\" data-element_type=\"widget\" data-widget_type=\"spacer.default\">\n\t\t\t\t<div class=\"elementor-widget-container\">\n\t\t\t<style>\/*! elementor - v3.18.0 - 20-12-2023 *\/\n.elementor-column .elementor-spacer-inner{height:var(--spacer-size)}.e-con{--container-widget-width:100%}.e-con-inner>.elementor-widget-spacer,.e-con>.elementor-widget-spacer{width:var(--container-widget-width,var(--spacer-size));--align-self:var(--container-widget-align-self,initial);--flex-shrink:0}.e-con-inner>.elementor-widget-spacer>.elementor-widget-container,.e-con>.elementor-widget-spacer>.elementor-widget-container{height:100%;width:100%}.e-con-inner>.elementor-widget-spacer>.elementor-widget-container>.elementor-spacer,.e-con>.elementor-widget-spacer>.elementor-widget-container>.elementor-spacer{height:100%}.e-con-inner>.elementor-widget-spacer>.elementor-widget-container>.elementor-spacer>.elementor-spacer-inner,.e-con>.elementor-widget-spacer>.elementor-widget-container>.elementor-spacer>.elementor-spacer-inner{height:var(--container-widget-height,var(--spacer-size))}.e-con-inner>.elementor-widget-spacer.elementor-widget-empty,.e-con>.elementor-widget-spacer.elementor-widget-empty{position:relative;min-height:22px;min-width:22px}.e-con-inner>.elementor-widget-spacer.elementor-widget-empty .elementor-widget-empty-icon,.e-con>.elementor-widget-spacer.elementor-widget-empty .elementor-widget-empty-icon{position:absolute;top:0;bottom:0;left:0;right:0;margin:auto;padding:0;width:22px;height:22px}<\/style>\t\t<div class=\"elementor-spacer\">\n\t\t\t<div class=\"elementor-spacer-inner\"><\/div>\n\t\t<\/div>\n\t\t\t\t<\/div>\n\t\t\t\t<\/div>\n\t\t\t\t\t<\/div>\n\t\t<\/div>\n\t\t\t\t\t\t\t<\/div>\n\t\t<\/section>\n\t\t\t\t<section class=\"elementor-section elementor-top-section elementor-element elementor-element-d4a4ebc elementor-section-boxed elementor-section-height-default elementor-section-height-default\" data-id=\"d4a4ebc\" data-element_type=\"section\">\n\t\t\t\t\t\t<div class=\"elementor-container elementor-column-gap-default\">\n\t\t\t\t\t<div class=\"elementor-column elementor-col-100 elementor-top-column elementor-element elementor-element-f809ed7\" data-id=\"f809ed7\" data-element_type=\"column\">\n\t\t\t<div class=\"elementor-widget-wrap elementor-element-populated\">\n\t\t\t\t\t\t\t\t<div class=\"elementor-element elementor-element-16ec60e elementor-widget elementor-widget-heading\" data-id=\"16ec60e\" data-element_type=\"widget\" data-widget_type=\"heading.default\">\n\t\t\t\t<div class=\"elementor-widget-container\">\n\t\t\t<style>\/*! elementor - v3.5.3 - 28-12-2021 *\/\n.elementor-heading-title{padding:0;margin:0;line-height:1}.elementor-widget-heading .elementor-heading-title[class*=elementor-size-]>a{color:inherit;font-size:inherit;line-height:inherit}.elementor-widget-heading .elementor-heading-title.elementor-size-small{font-size:15px}.elementor-widget-heading .elementor-heading-title.elementor-size-medium{font-size:19px}.elementor-widget-heading .elementor-heading-title.elementor-size-large{font-size:29px}.elementor-widget-heading .elementor-heading-title.elementor-size-xl{font-size:39px}.elementor-widget-heading .elementor-heading-title.elementor-size-xxl{font-size:59px}<\/style><h2 class=\"elementor-heading-title elementor-size-default\">HAVNEREGLEMENT FOR V\u00c5GANES B\u00c5TFORENING<\/h2>\t\t<\/div>\n\t\t\t\t<\/div>\n\t\t\t\t\t<\/div>\n\t\t<\/div>\n\t\t\t\t\t\t\t<\/div>\n\t\t<\/section>\n\t\t\t\t<section class=\"elementor-section elementor-top-section elementor-element elementor-element-1f22742 elementor-section-boxed elementor-section-height-default elementor-section-height-default\" data-id=\"1f22742\" data-element_type=\"section\">\n\t\t\t\t\t\t<div class=\"elementor-container elementor-column-gap-default\">\n\t\t\t\t\t<div class=\"elementor-column elementor-col-100 elementor-top-column elementor-element elementor-element-1ae45c4\" data-id=\"1ae45c4\" data-element_type=\"column\">\n\t\t\t<div class=\"elementor-widget-wrap elementor-element-populated\">\n\t\t\t\t\t\t\t\t<div class=\"elementor-element elementor-element-638acf0 elementor-widget elementor-widget-text-editor\" data-id=\"638acf0\" data-element_type=\"widget\" data-widget_type=\"text-editor.default\">\n\t\t\t\t<div class=\"elementor-widget-container\">\n\t\t\t<style>\/*! elementor - v3.5.3 - 28-12-2021 *\/\n.elementor-widget-text-editor.elementor-drop-cap-view-stacked .elementor-drop-cap{background-color:#818a91;color:#fff}.elementor-widget-text-editor.elementor-drop-cap-view-framed .elementor-drop-cap{color:#818a91;border:3px solid;background-color:transparent}.elementor-widget-text-editor:not(.elementor-drop-cap-view-default) .elementor-drop-cap{margin-top:8px}.elementor-widget-text-editor:not(.elementor-drop-cap-view-default) .elementor-drop-cap-letter{width:1em;height:1em}.elementor-widget-text-editor .elementor-drop-cap{float:left;text-align:center;line-height:1;font-size:50px}.elementor-widget-text-editor .elementor-drop-cap-letter{display:inline-block}<\/style>\t\t\t\t<p>Instrukser og retningslinjer har hjemmel i loven og vedtak gjort av \u00e5rsm\u00f8tet i 2012.<\/p><h2><strong>1. HAVNEREGLEMENT<\/strong>.<\/h2><p>1. Alle b\u00e5ter med plass i havna skal v\u00e6re forsikret.<\/p><p>2. Farten i havnen skal ikke v\u00e6re st\u00f8rre enn 3 knop. ( dorgefart.)<\/p><p>3. B\u00e5tene skal til enhver tid v\u00e6re forsvarlig fort\u00f8yd.<\/p><ul><li>Fort\u00f8yninger og fendring m\u00e5 st\u00e5 i forhold til b\u00e5tens st\u00f8rrelse.<\/li><li>Fort\u00f8yninger p\u00e5 alle b\u00e5ter skal v\u00e6re utstyrt med rykkdempere i <strong>gummi<\/strong><\/li><li>D\u00e5rlige fort\u00f8yninger blir, for eiers regning, skiftet ut av styret.<\/li><\/ul><p>4. Foresp\u00f8rsel om l\u00e5n\/leie av midlertidige ledige plasser skal rettes til havnesjefen.<\/p><p>5. B\u00e5teiere som ikke nytter sin plass, meddeler dette til havnesjefen.<\/p><p>6. Tildelte b\u00e5tplasser kunngj\u00f8res ved oppslag i b\u00e5thuset.<\/p><p>7. Bruk av foreningens tekniske utstyr kan kun skje etter avtale med havnesjefen.<\/p><p>8. Opplag av b\u00e5ter kan kun skje etter anvisning av havnesjefen.<\/p><p>9. Opplag av b\u00e5ter i sommerhalv\u00e5ret skal kun skje etter samr\u00e5d og henvising av havnesjefen.<\/p><p>10. B\u00e5ten skal v\u00e6re sj\u00f8satt senest 1. juni.<\/p><p>11. Redskap eller annet l\u00f8s\u00f8re skal ikke oppbevares p\u00e5 bryggene.<\/p><p>12. Bukker, b\u00e5t krybber og annet forst\u00f8tningsmateriell kan \u2013uten ansvar for b\u00e5tforeningen, oppbevares p\u00e5 s\u00f8rsiden av b\u00e5thuset. Utstyr som ellers ligger rundt p\u00e5 omr\u00e5det vil bli fjernet uten ansvar for b\u00e5tforeningen. Dato for siste frist for rydding sl\u00e5s opp p\u00e5 klubbhuset.<\/p><p>13. Avfall, batterier, olje og lignende m\u00e5 ikke dumpes i sj\u00f8en eller p\u00e5 land. Spilloljetank i lagerskur og oppsatte avfallsdunker skal brukes.<\/p><p>14. Parkering av kj\u00f8ret\u00f8y skal gj\u00f8res p\u00e5 parkeringsplass. Midlertidig parkering av b\u00e5ttralle\/bil m\u00e5 under ingen omstendighet hindre tilgang til rampe for sj\u00f8setting av sm\u00e5b\u00e5ter. Havnesjefen p\u00e5ser at ovenst\u00e5ende regler blir overholdt. Eventuelle sp\u00f8rsm\u00e5l ang\u00e5ende hans avgj\u00f8relser rettes til styret.<\/p><h2><strong>2. REGULERENDE BESTEMMELSER OM DUGNAD<\/strong><\/h2><p>Alle som har b\u00e5tplass, fast eller midlertidig, p\u00e5legges 4-fire timer planlagt dugnad pr. \u00e5r.<\/p><p>Ved framleie har b\u00e5de b\u00e5tplassens eier og plassens leietaker dugnadsplikt. (tilf\u00f8yelse etter \u00e5rsm\u00f8te 16.11.2004. sak 10 B.) (timer for dugnad endret til 4 timer i 2015.)<\/p><p>Ikke utf\u00f8rt p\u00e5lagt dugnad betales med Kr. 175,- pr. time. Gebyr for ikke utf\u00f8rt dugnad innkreves p\u00e5f\u00f8lgende \u00e5r sammen med medlemskontigent og havneavgift.<\/p><p>Dugnadsarbeid planlegges av havnesjefen i samarbeid med styret. N\u00e5r dugnaden utf\u00f8res m\u00e5 en selv s\u00f8rge for at dugnaden blir registrert p\u00e5 s\u00e6rskilt dugnadsliste utlagt i b\u00e5thuset. Manglende registrering gir hjemmel for innkreving av dugnadsgebyr.<\/p><p>Vedlikehold av egen bryggeplass regnes normalt ikke som felles dugnad. I s\u00e5 fall m\u00e5 avtale om dette p\u00e5 forhand v\u00e6re inng\u00e5tt med havnesjefen. (Jfr. Bestemmelse om vedlikehold av egen b\u00e5tplass.)<\/p><p>Fritak fra p\u00e5lagt felles dugnad kan pga. alder eller helsemessige \u00e5rsaker innvilges av havnesjefen.<\/p><p><strong>UTFYLLENDE RETNINGSLINJER OM DUGNAD <\/strong><\/p><ol><li>Dugnadsarbeidet planlegges av havnesjefen og koordineres med bryggeformennene.<\/li><li>Dugnadsarbeidet utf\u00f8res prim\u00e6rt om v\u00e5ren f\u00f8r sj\u00f8setting, men det er ogs\u00e5 behov for dugnad om h\u00f8sten.<\/li><li>For \u00e5 ha en mest mulig smidig ordning for det enkelte medlem, avsettes det flere dugnadsdager for b\u00e5de v\u00e5r og h\u00f8st. Aktuelle datoer og klokkeslett sl\u00e5s opp p\u00e5 b\u00e5thus og bryggeporter, samt p\u00e5 foreningens hjemmeside og Facebook-side og medlemmene plikter \u00e5 holde seg orientert om dette. Havnesjefen b\u00f8r f\u00e5 tilbakemelding om aktuell dugnadsdag.<\/li><li>I spesielle tilfeller vil den enkelte bli kontaktet av havnesjefen eller bryggeformenn ang\u00e5ende dugnad.<\/li><li>Den pliktige dugnaden, 4 timer, forutsetter \u00e5 v\u00e6re utf\u00f8rt i l\u00f8pet av kalender\u00e5ret.<\/li><li>Ved utf\u00f8relse av dugnaden er det viktig \u00e5 la seg registrere hos dugnadsleder, eller p\u00e5 utlagt liste i b\u00e5thuset. Manglende registrering medf\u00f8rer krav om dugnadsgebyr.<\/li><li>Krav om innbetaling av dugnadsgebyr sendes ut sammen med krav om kontingenter og avgifter for p\u00e5f\u00f8lgende \u00e5r.<\/li><li>ved skyldig dugnadsgebyr mistes retten til b\u00e5tplass og medlemmet kan ekskluderes. Ref. Loven \u00a7 3 i.<\/li><\/ol><h2><strong>3. INSTRUKS FOR VEDLIKEHOLD AV EGEN B\u00c5TPLASS<\/strong><\/h2><p>Medlemmer som har f\u00e5tt tildelt b\u00e5tplass, fast eller midlertidig, plikter \u00e5 holde denne i god stand. Dette gjelder i hovedsak fort\u00f8yninger, fendere og utriggere.<\/p><p>Det skal KUN fendres med fendertyper tilpasset brygge\/utrigger. Trosser, bildekk o.l er ikke tillatt. Sjakler, kjetting og hengel\u00e5ser skal ikke brukes mot st\u00e5ldeler p\u00e5 brygge\/utrigger!<\/p><p>Vedlikeholdsarbeid iverksettes p\u00e5 eget initiativ i samr\u00e5d med bryggeformann eller havnesjef eller etter p\u00e5legg av samme.<\/p><p>Materialer med unntak av fort\u00f8yninger og fendere skaffes til veie av b\u00e5tforeningen. Vedlikehold p\u00e5 egen b\u00e5tplass regnes ikke som p\u00e5lagt dugnad, med mindre det er gjort spesiell avtale med bryggeformann, havnesjef eller dugnadssjef om dette. Jfr. Bestemmelsen om 4 timer p\u00e5lagt dugnad.<\/p><h2><strong>4. RETNINGSLINJER FOR TILDELING AV B\u00c5TPLASS<\/strong><\/h2><p>B\u00e5tplass tildeles etter s\u00f8knad som bl.a. skal inneholde b\u00e5ttype, lengde, bredde og dybde S\u00f8keren settes fortl\u00f8pende p\u00e5 venteliste, og tildeling skjer etter ansiennitet (dato for innbetalt medlemskontingent) etter hvert som plass blir ledig innen hver b\u00e5tplasskategori. Kategoriene er: 175 cm, 250 cm, 300cm, 350 cm 400 cm og 550 cm. B\u00e5tplassgebyr. Medlemmer som er registrert som nye etter 1.jan. 2001 betaler et engangsgebyr som st\u00e5r i forhold til b\u00e5tplasstype. Gjeldende satser er de vedtatte satser i siste \u00e5rsm\u00f8te, i sak om <em>&#8220;Fastsetting av medlemskontingent, gebyrer og avgifter&#8221;<\/em> Gebyret betales ikke tilbake om plassen sies opp.<\/p><p><strong>RETNINGSLINJER FOR MAX B\u00c5TST\u00d8RRELSE <\/strong><\/p><ul><li>Lengde: Max 10,5 meter. L.o.a. (total lengde inkl. baug- spyd, badeplattform osv.)<\/li><li>Max vekt: 8- \u00e5tte tonn med normal utrustning , vann og drivstoff<\/li><li>Overheng: Baug-spyd, badeplattform og lignende m\u00e5 ikke v\u00e6re til hinder for passasje p\u00e5 brygge, man\u00f8vrering mellom bryggene eller til hinder for n\u00e6rmeste nabob\u00e5ter.<\/li><\/ul><p>Bryggeformenn og havnesjef p\u00e5ser at denne bestemmelsen blir etterlevd. I tvilstilfeller gj\u00f8r styret endelig vedtak.<\/p><p><strong>LEIEAVTALER<\/strong><\/p><p>For \u00e5 disponere b\u00e5tplass m\u00e5 en inng\u00e5 en skriftlig avtale med b\u00e5tforeningen. Det nyttes 2 typer avtale:<\/p><p>1. Leieavtale for b\u00e5tplass. Avtale inng\u00e5s med medlemmer som<\/p><ul><li>har fast b\u00e5tplass eller<\/li><li>leier midlertidig b\u00e5tplass for et begrenset tidsrom.<\/li><\/ul><p>Ved leie betales ikke b\u00e5tplassgebyr, men det betales 2 x havneavgift. Redusert avgift for forkortet sesong kan avtales med havnesjefen.<\/p><p>2. Videreutleie-avtale for b\u00e5tplass som ikke brukes av b\u00e5teier i innev\u00e6rende sesong eller deler av sesongen. Ved inng\u00e5tt avtale, kan b\u00e5tforeningen videreutleie plassen for den perioden som er beskrevet i avtalen. Det gis fritak eller reduksjon av havneavgiften, avhengig av avtalens varighet og om b\u00e5tforeningen f\u00e5r videreutleid plassen. Begge avtaletyper er forpliktende for avtalepartene.<\/p><p><strong>FRAMLEIE<\/strong><\/p><p>Det er ikke under noen omstendighet tillatt med framleie av tildelte b\u00e5tplasser. Det vises til det foreg\u00e5ende avsnittet om avtaler. Enkeltmedlemmer kan, etter samr\u00e5d med havnesjefen, i korte perioder i sesongen (bes\u00f8k, ferieopphold og lignende) l\u00e5ne bort sin plass uten godtgj\u00f8relse. Viktig: Havnesjefen eller bryggeformann m\u00e5 informeres.<\/p><h2>5. REGLER FOR OPPLAGPLASS\u2014OPPLAG<\/h2><p>Ref. Havnereglement. I sommersesongen, mellom siste sj\u00f8setting og landsetting, skal opplagsomr\u00e5det v\u00e6re ryddig. Bukker, krybber og \u00a0annet materiale skal plasseres p\u00e5 baksiden av b\u00e5thuset, eller p\u00e5 anvist plass av formann\/havnesjef. B\u00e5ttraller, med eller uten b\u00e5t, plasseres etter henvising av havnesjefen. Langtidsopplag av b\u00e5t m\u00e5 avtales med havnesjef.<\/p><p>Frist for \u00e5 rydde opplagsplassen er snarest etter siste sj\u00f8setting, og alltid f\u00f8r 17.mai. Dato for siste frist sl\u00e5s opp p\u00e5 b\u00e5thuset. Etter denne datoen blir utstyr som ligger igjen fjernet uten ansvar for foreningen.<\/p><p>Det er IKKE tillatt \u00e5 lagre annet enn n\u00f8dvendig opplagsutstyr p\u00e5 foreningens omr\u00e5de! Husk at b\u00e5thavna og opplagsplassen ligger i et vakkert og meget brukt tur og friluftsomr\u00e5de. La ikke b\u00e5tforeningen skjemme dette ut.<\/p><p>Vinteropplag av b\u00e5ter og b\u00e5ttraller kan kun skje etter henvising av havnesjefen. Behov for opplagsplass meldes havnesjefen i god tid f\u00f8r landsetting. Plasseringsplan utarbeides og opplagsplassen merkes med b\u00e5teierens navn.<\/p><p>B\u00e5teieren plikter i god tid f\u00f8r landsetting \u00e5 forberede sin egen opplagsplass. B\u00e5tkrybber, bukker, krakker og lignende skal v\u00e6re montert eller p\u00e5 plass onsdag f\u00f8r Landsettingsdagen for kontroll. Oppst\u00f8tting av b\u00e5tene skal v\u00e6re s\u00e5 sikker at de st\u00e5r st\u00f8tt selv om uv\u00e6ret st\u00e5r p\u00e5.<\/p><p><strong>Husk skadeansvaret<\/strong>\u00a0<\/p><h2>6. REGLER FOR L\u00c5SING AV BRYGGEPORTENE<\/h2><p>For \u00e5 minske risikoen for tyveri og h\u00e6rverk p\u00e5 b\u00e5ter og brygger, skal bryggeportene v\u00e6re l\u00e5st. Likeledes skal b\u00e5thus og lagerskur v\u00e6re l\u00e5st n\u00e5r disse ikke er i bruk eller under oppsyn<\/p><p><strong>RETNINGSLINJER: <\/strong><\/p><ol><li>N\u00f8kkel til egen brygge med tilgang til vann, el.str\u00f8m og lagerskur utleveres mot kvittering og et depositum p\u00e5 KR.500,- Det er kun de som har b\u00e5tplass som kan ha n\u00f8kkel til bryggene.<\/li><li>N\u00f8kkel til verksted og oppholdsrom kan utleveres medlemmer med b\u00e5tplass mot et Depositum p\u00e5 Kr. 500,-<\/li><li>Depositumet tilbakebetales ved innlevering av n\u00f8kkel.<\/li><li>Opph\u00f8rer leieforhold eller medlemskap skal utlevert n\u00f8kkel \/ n\u00f8kler innleveres snarest.<\/li><li>De som kun leier opplagsplass kan mot depositum f\u00e5 utlevert n\u00f8kkel med begrenset adgang.<\/li><li>Mastern\u00f8kkel forbeholdes havnesjef, bryggeformenn og de \u00f8vrige i styret.<\/li><li>Styret kan, etter vurdering, utlevere mastern\u00f8kkel til andre medlemmer. Bakgrunn for en slik innr\u00f8mmelse kan v\u00e6re: plikt- og ansvarsf\u00f8lelse, interesse og ikke minst \u00absynlighet i havna\u00bb.<\/li><li>Det til enhver tid sittende styre er ansvarlig for kontroll og oppf\u00f8lging av utlevering og innlevering av n\u00f8kler. Det f\u00f8res en egen protokoll for dette.<\/li><li>Tap av n\u00f8kler skal meldes omg\u00e5ende til havnesjef eller styret. Tap av n\u00f8kkel medf\u00f8rer et erstatningsgebyr p\u00e5 Kr. 500,-. selv om ny n\u00f8kkel ikke blir utlevert.<\/li><li>Brygger og andre fasiliteter skal holdes avl\u00e5st om de ikke er under oppsikt. Skj\u00f8desl\u00f8shet kan medf\u00f8re inndragning av n\u00f8kkel. Den som l\u00e5ser opp har ansvar for at det blir l\u00e5st igjen. Ta vare p\u00e5 n\u00f8kkelen. N\u00f8kler p\u00e5 avveier reduserer hensikten med l\u00e5sing.<\/li><\/ol>\t\t\t\t\t\t<\/div>\n\t\t\t\t<\/div>\n\t\t\t\t\t<\/div>\n\t\t<\/div>\n\t\t\t\t\t\t\t<\/div>\n\t\t<\/section>\n\t\t\t\t\t\t<\/div>\n\t\t\t\t\t<\/div>\n\t\t","protected":false},"excerpt":{"rendered":"<p>HAVNEREGLEMENT FOR V\u00c5GANES B\u00c5TFORENING Instrukser og retningslinjer har hjemmel i loven og vedtak gjort av \u00e5rsm\u00f8tet i 2012. 1. HAVNEREGLEMENT. 1. Alle b\u00e5ter med plass i havna skal v\u00e6re forsikret. 2. Farten i havnen skal ikke v\u00e6re st\u00f8rre enn 3 knop. ( dorgefart.) 3. B\u00e5tene skal til enhver tid v\u00e6re forsvarlig fort\u00f8yd. Fort\u00f8yninger og fendring [&hellip;]<\/p>\n","protected":false},"author":1,"featured_media":0,"parent":0,"menu_order":0,"comment_status":"closed","ping_status":"closed","template":"","meta":{"footnotes":""},"_links":{"self":[{"href":"https:\/\/xn--vganesbtforening-dobg.no\/index.php\/wp-json\/wp\/v2\/pages\/883"}],"collection":[{"href":"https:\/\/xn--vganesbtforening-dobg.no\/index.php\/wp-json\/wp\/v2\/pages"}],"about":[{"href":"https:\/\/xn--vganesbtforening-dobg.no\/index.php\/wp-json\/wp\/v2\/types\/page"}],"author":[{"embeddable":true,"href":"https:\/\/xn--vganesbtforening-dobg.no\/index.php\/wp-json\/wp\/v2\/users\/1"}],"replies":[{"embeddable":true,"href":"https:\/\/xn--vganesbtforening-dobg.no\/index.php\/wp-json\/wp\/v2\/comments?post=883"}],"version-history":[{"count":4,"href":"https:\/\/xn--vganesbtforening-dobg.no\/index.php\/wp-json\/wp\/v2\/pages\/883\/revisions"}],"predecessor-version":[{"id":890,"href":"https:\/\/xn--vganesbtforening-dobg.no\/index.php\/wp-json\/wp\/v2\/pages\/883\/revisions\/890"}],"wp:attachment":[{"href":"https:\/\/xn--vganesbtforening-dobg.no\/index.php\/wp-json\/wp\/v2\/media?parent=883"}],"curies":[{"name":"wp","href":"https:\/\/api.w.org\/{rel}","templated":true}]}}