{"id":870,"date":"2024-02-10T08:58:57","date_gmt":"2024-02-10T07:58:57","guid":{"rendered":"https:\/\/xn--vganesbtforening-dobg.no\/?page_id=870"},"modified":"2024-02-10T10:44:12","modified_gmt":"2024-02-10T09:44:12","slug":"foreningens-vedtekter","status":"publish","type":"page","link":"https:\/\/xn--vganesbtforening-dobg.no\/index.php\/foreningens-vedtekter\/","title":{"rendered":"Foreningens vedtekter"},"content":{"rendered":"\t\t<div data-elementor-type=\"wp-page\" data-elementor-id=\"870\" class=\"elementor elementor-870\" data-elementor-settings=\"[]\">\n\t\t\t\t\t\t\t<div class=\"elementor-section-wrap\">\n\t\t\t\t\t\t\t<section class=\"elementor-section elementor-top-section elementor-element elementor-element-ce1b014 elementor-section-full_width elementor-section-stretched elementor-section-height-default elementor-section-height-default\" data-id=\"ce1b014\" data-element_type=\"section\" data-settings=\"{&quot;stretch_section&quot;:&quot;section-stretched&quot;}\">\n\t\t\t\t\t\t<div class=\"elementor-container elementor-column-gap-default\">\n\t\t\t\t\t<div class=\"elementor-column elementor-col-100 elementor-top-column elementor-element elementor-element-249e74f\" data-id=\"249e74f\" data-element_type=\"column\">\n\t\t\t<div class=\"elementor-widget-wrap elementor-element-populated\">\n\t\t\t\t\t\t\t\t<div class=\"elementor-element elementor-element-4cd3404 elementor-widget elementor-widget-image\" data-id=\"4cd3404\" data-element_type=\"widget\" data-widget_type=\"image.default\">\n\t\t\t\t<div class=\"elementor-widget-container\">\n\t\t\t<style>\/*! elementor - v3.5.3 - 28-12-2021 *\/\n.elementor-widget-image{text-align:center}.elementor-widget-image a{display:inline-block}.elementor-widget-image a img[src$=\".svg\"]{width:48px}.elementor-widget-image img{vertical-align:middle;display:inline-block}<\/style>\t\t\t\t\t\t\t\t\t\t\t\t<img loading=\"lazy\" decoding=\"async\" width=\"2560\" height=\"1707\" src=\"https:\/\/xn--vganesbtforening-dobg.no\/wp-content\/uploads\/2024\/02\/pexels-katrin-bolovtsova-6077326-1-scaled.jpeg\" class=\"attachment-full size-full\" alt=\"\" srcset=\"https:\/\/xn--vganesbtforening-dobg.no\/wp-content\/uploads\/2024\/02\/pexels-katrin-bolovtsova-6077326-1-scaled.jpeg 2560w, https:\/\/xn--vganesbtforening-dobg.no\/wp-content\/uploads\/2024\/02\/pexels-katrin-bolovtsova-6077326-1-300x200.jpeg 300w, https:\/\/xn--vganesbtforening-dobg.no\/wp-content\/uploads\/2024\/02\/pexels-katrin-bolovtsova-6077326-1-1024x683.jpeg 1024w, https:\/\/xn--vganesbtforening-dobg.no\/wp-content\/uploads\/2024\/02\/pexels-katrin-bolovtsova-6077326-1-768x512.jpeg 768w, https:\/\/xn--vganesbtforening-dobg.no\/wp-content\/uploads\/2024\/02\/pexels-katrin-bolovtsova-6077326-1-1536x1024.jpeg 1536w, https:\/\/xn--vganesbtforening-dobg.no\/wp-content\/uploads\/2024\/02\/pexels-katrin-bolovtsova-6077326-1-2048x1365.jpeg 2048w\" sizes=\"(max-width: 2560px) 100vw, 2560px\" \/>\t\t\t\t\t\t\t\t\t\t\t\t\t\t\t<\/div>\n\t\t\t\t<\/div>\n\t\t\t\t\t<\/div>\n\t\t<\/div>\n\t\t\t\t\t\t\t<\/div>\n\t\t<\/section>\n\t\t\t\t<section class=\"elementor-section elementor-top-section elementor-element elementor-element-013842e elementor-section-boxed elementor-section-height-default elementor-section-height-default\" data-id=\"013842e\" data-element_type=\"section\">\n\t\t\t\t\t\t<div class=\"elementor-container elementor-column-gap-default\">\n\t\t\t\t\t<div class=\"elementor-column elementor-col-100 elementor-top-column elementor-element elementor-element-387fee5\" data-id=\"387fee5\" data-element_type=\"column\">\n\t\t\t<div class=\"elementor-widget-wrap elementor-element-populated\">\n\t\t\t\t\t\t\t\t<div class=\"elementor-element elementor-element-558e61d elementor-widget elementor-widget-spacer\" data-id=\"558e61d\" data-element_type=\"widget\" data-widget_type=\"spacer.default\">\n\t\t\t\t<div class=\"elementor-widget-container\">\n\t\t\t<style>\/*! elementor - v3.18.0 - 20-12-2023 *\/\n.elementor-column .elementor-spacer-inner{height:var(--spacer-size)}.e-con{--container-widget-width:100%}.e-con-inner>.elementor-widget-spacer,.e-con>.elementor-widget-spacer{width:var(--container-widget-width,var(--spacer-size));--align-self:var(--container-widget-align-self,initial);--flex-shrink:0}.e-con-inner>.elementor-widget-spacer>.elementor-widget-container,.e-con>.elementor-widget-spacer>.elementor-widget-container{height:100%;width:100%}.e-con-inner>.elementor-widget-spacer>.elementor-widget-container>.elementor-spacer,.e-con>.elementor-widget-spacer>.elementor-widget-container>.elementor-spacer{height:100%}.e-con-inner>.elementor-widget-spacer>.elementor-widget-container>.elementor-spacer>.elementor-spacer-inner,.e-con>.elementor-widget-spacer>.elementor-widget-container>.elementor-spacer>.elementor-spacer-inner{height:var(--container-widget-height,var(--spacer-size))}.e-con-inner>.elementor-widget-spacer.elementor-widget-empty,.e-con>.elementor-widget-spacer.elementor-widget-empty{position:relative;min-height:22px;min-width:22px}.e-con-inner>.elementor-widget-spacer.elementor-widget-empty .elementor-widget-empty-icon,.e-con>.elementor-widget-spacer.elementor-widget-empty .elementor-widget-empty-icon{position:absolute;top:0;bottom:0;left:0;right:0;margin:auto;padding:0;width:22px;height:22px}<\/style>\t\t<div class=\"elementor-spacer\">\n\t\t\t<div class=\"elementor-spacer-inner\"><\/div>\n\t\t<\/div>\n\t\t\t\t<\/div>\n\t\t\t\t<\/div>\n\t\t\t\t\t<\/div>\n\t\t<\/div>\n\t\t\t\t\t\t\t<\/div>\n\t\t<\/section>\n\t\t\t\t<section class=\"elementor-section elementor-top-section elementor-element elementor-element-9de27d4 elementor-section-boxed elementor-section-height-default elementor-section-height-default\" data-id=\"9de27d4\" data-element_type=\"section\">\n\t\t\t\t\t\t<div class=\"elementor-container elementor-column-gap-default\">\n\t\t\t\t\t<div class=\"elementor-column elementor-col-100 elementor-top-column elementor-element elementor-element-01c7a34\" data-id=\"01c7a34\" data-element_type=\"column\">\n\t\t\t<div class=\"elementor-widget-wrap elementor-element-populated\">\n\t\t\t\t\t\t\t\t<div class=\"elementor-element elementor-element-5214a3f elementor-widget elementor-widget-heading\" data-id=\"5214a3f\" data-element_type=\"widget\" data-widget_type=\"heading.default\">\n\t\t\t\t<div class=\"elementor-widget-container\">\n\t\t\t<style>\/*! elementor - v3.5.3 - 28-12-2021 *\/\n.elementor-heading-title{padding:0;margin:0;line-height:1}.elementor-widget-heading .elementor-heading-title[class*=elementor-size-]>a{color:inherit;font-size:inherit;line-height:inherit}.elementor-widget-heading .elementor-heading-title.elementor-size-small{font-size:15px}.elementor-widget-heading .elementor-heading-title.elementor-size-medium{font-size:19px}.elementor-widget-heading .elementor-heading-title.elementor-size-large{font-size:29px}.elementor-widget-heading .elementor-heading-title.elementor-size-xl{font-size:39px}.elementor-widget-heading .elementor-heading-title.elementor-size-xxl{font-size:59px}<\/style><h2 class=\"elementor-heading-title elementor-size-default\">Loven for V\u00e5ganes B\u00e5tforening. Stiftet 1972<\/h2>\t\t<\/div>\n\t\t\t\t<\/div>\n\t\t\t\t\t<\/div>\n\t\t<\/div>\n\t\t\t\t\t\t\t<\/div>\n\t\t<\/section>\n\t\t\t\t<section class=\"elementor-section elementor-top-section elementor-element elementor-element-6594cd3 elementor-section-boxed elementor-section-height-default elementor-section-height-default\" data-id=\"6594cd3\" data-element_type=\"section\">\n\t\t\t\t\t\t<div class=\"elementor-container elementor-column-gap-default\">\n\t\t\t\t\t<div class=\"elementor-column elementor-col-100 elementor-top-column elementor-element elementor-element-1609984\" data-id=\"1609984\" data-element_type=\"column\">\n\t\t\t<div class=\"elementor-widget-wrap elementor-element-populated\">\n\t\t\t\t\t\t\t\t<div class=\"elementor-element elementor-element-688f2d7 elementor-widget elementor-widget-text-editor\" data-id=\"688f2d7\" data-element_type=\"widget\" data-widget_type=\"text-editor.default\">\n\t\t\t\t<div class=\"elementor-widget-container\">\n\t\t\t<style>\/*! elementor - v3.5.3 - 28-12-2021 *\/\n.elementor-widget-text-editor.elementor-drop-cap-view-stacked .elementor-drop-cap{background-color:#818a91;color:#fff}.elementor-widget-text-editor.elementor-drop-cap-view-framed .elementor-drop-cap{color:#818a91;border:3px solid;background-color:transparent}.elementor-widget-text-editor:not(.elementor-drop-cap-view-default) .elementor-drop-cap{margin-top:8px}.elementor-widget-text-editor:not(.elementor-drop-cap-view-default) .elementor-drop-cap-letter{width:1em;height:1em}.elementor-widget-text-editor .elementor-drop-cap{float:left;text-align:center;line-height:1;font-size:50px}.elementor-widget-text-editor .elementor-drop-cap-letter{display:inline-block}<\/style>\t\t\t\t<p><strong>Loven ble vedtatt f\u00f8rste gang 14.02.1973 med endringer 24.10.1978, 22.04.1987, 28.11.1994, 20.11.2000, 26.11.2002, 16.11.2004, 19.11.2008, 04.12.2012 , 24.11.2015 og 21.10.2017.<\/strong><\/p>\t\t\t\t\t\t<\/div>\n\t\t\t\t<\/div>\n\t\t\t\t\t<\/div>\n\t\t<\/div>\n\t\t\t\t\t\t\t<\/div>\n\t\t<\/section>\n\t\t\t\t<section class=\"elementor-section elementor-top-section elementor-element elementor-element-3e9bad2 elementor-section-boxed elementor-section-height-default elementor-section-height-default\" data-id=\"3e9bad2\" data-element_type=\"section\">\n\t\t\t\t\t\t<div class=\"elementor-container elementor-column-gap-default\">\n\t\t\t\t\t<div class=\"elementor-column elementor-col-100 elementor-top-column elementor-element elementor-element-b57581c\" data-id=\"b57581c\" data-element_type=\"column\">\n\t\t\t<div class=\"elementor-widget-wrap elementor-element-populated\">\n\t\t\t\t\t\t\t\t<div class=\"elementor-element elementor-element-56b15a0 elementor-widget elementor-widget-text-editor\" data-id=\"56b15a0\" data-element_type=\"widget\" data-widget_type=\"text-editor.default\">\n\t\t\t\t<div class=\"elementor-widget-container\">\n\t\t\t\t\t\t\t<p><strong>\u00a7 1. FORM\u00c5L<\/strong><\/p><p>a) Foreningens form\u00e5l er i fellesskap \u00e5 drive en sm\u00e5b\u00e5thavn i Grannesv\u00e5gen.<\/p><p>b) Arbeide for b\u00e5tsportens fremme.<\/p><p><strong>\u00a7 2. <\/strong><\/p><p>a) Foreningen er uavhengig og privat eid.<\/p><p>b) Driften baseres p\u00e5 medlemmenes kontingent, \u00e5rlig b\u00e5tavgift, engangsavgift for nye b\u00e5tplasstildelinger og p\u00e5 dugnadsarbeid.<\/p><p>c) Foreningen er tilknyttet Kongelig norsk b\u00e5tforening, KNBF.<\/p><p><strong>\u00a7 3. MEDLEMSKAP<\/strong><\/p><p>a) Personer fra og med fylte 18 \u00e5r kan s\u00f8ke om medlemskap.<\/p><p>b) Medlemskapet er personlig.<\/p><p>c) S\u00f8knad om medlemskap fremmes p\u00e5 spesielt s\u00f8knadsskjema og behandles av styret, som med Simpelt flertall bestemmer om opptak kan finne sted.<\/p><p>d) Foreningens medlemstall kan ikke overstige 175 % av det totale antall b\u00e5tplasser. S\u00f8knader om medlemskap utover dette antall settes p\u00e5 venteliste.<\/p><p>e) Medlemskap i foreningen er gyldig fra den dag kontingenten er betalt.<\/p><p>f) For \u00e5 ha stemmerett m\u00e5 en ha v\u00e6rt medlem i minst 6-seks \u2013 m\u00e5neder.<\/p><p>g) Ethvert medlem plikter \u00e5 overholde foreningens lov, reglementer og andre vedtak som \u00e5rsm\u00f8tet har fattet, eller som styret har bestemt.<\/p><p>h) Dersom noen av foreningens medlemmer skader foreningen eller gir grunn til misn\u00f8ye eller forargelse, kan styret ekskludere vedkommende. Han har rett til \u00e5 innanke saken for f\u00f8rste ordin\u00e6re \u00e5rsm\u00f8te. Anken m\u00e5 foreligge styret minst 2-to-uker f\u00f8r \u00e5rsm\u00f8tet.<\/p><p>i) Dersom kontingent og avgifter ikke betales innen fristen, kan styret ekskludere vedkommende medlem. Nytt medlemskap kan ikke opprettes f\u00f8r skyldig kontingent eller avgift er betalt.<\/p><p><strong>\u00a7 4. KONTIGENTER OG AVGIFTER<\/strong><\/p><p>a) Kontingent, b\u00e5tplassavgift, vakthold betales forskuddsvis og bel\u00f8pets st\u00f8rrelse fastsettes av \u00e5rsm\u00f8tet. Eventuell dugnadsavgift betales etterskuddsvis.<\/p><p>b) Kontingenter og avgifter innkreves p\u00e5 regning som sendes ut f\u00f8r 15.01. med betalingsfrist 31.01.<\/p><p><strong>\u00a7 5 \u00c5RSM\u00d8TE<\/strong><\/p><p>a) Foreningens h\u00f8yeste myndighet er \u00e5rsm\u00f8te, som holdes hvert \u00e5r innen utgangen av november.<\/p><p>b) Regnskapet avsluttes pr.30.09.<\/p><p>c) \u00c5rsm\u00f8tet innkalles av styret med minst 2-to- ukers varsel direkte til medlemmene.<\/p><p>d) Forslag m\u00e5 v\u00e6re sendt til styret minst 1-en-uke f\u00f8r m\u00f8tet.<\/p><p>e) Saklisten m\u00e5 v\u00e6re tilgjengelig 1 \u2013en- uke f\u00f8r \u00e5rsm\u00f8te.<\/p><p>f) \u00c5rsm\u00f8tet er vedtaksf\u00f8rt med det antall stemmeberettigede medlemmer som m\u00f8ter.<\/p><p>g) I alle saker skal vedtakene, for \u00e5 v\u00e6re gyldige, v\u00e6re fattet med et flertall av de avgitte stemmer n\u00e5r ikke annet er bestemt i loven.<\/p><p><strong>\u00c5rsm\u00f8tet skal: <\/strong><\/p><p>1. Behandle \u00e5rsmeldingen.<\/p><p>2. Behandle revidert regnskap.<\/p><p>3. Behandle innkomne forslag og saker.<\/p><p>4. Fastsette kontingenter og avgifter<\/p><p>5. Vedta budsjett.<\/p><p>6. Velge f\u00f8lgende tillitsmenn:<\/p><p>a) Leder.<\/p><p>b) Havnesjef \\ nestleder.<\/p><p>c) Sekret\u00e6r.<\/p><p>d) Kasserer.<\/p><p>e) Materialforvalter.<\/p><p>f) 4 bryggeformenn, en for hver brygge.<\/p><p>g) Revisor med varamann.<\/p><p>h) 3-tre- personer til valgkomiteen.<\/p><p>i) Representant til styret for aktivitetshuset.<\/p><p>j) Komiteer og utvalg som \u00e5rsm\u00f8tet bestemmer.<\/p><p>7. Valgbare er alle stemmeberettigede medlemmer, men formann, bryggeformenn samt en av de andre styremedlemmene m\u00e5 ha fast b\u00e5tplass. Alle valg skal foreg\u00e5 skriftlig hvis det foreligger mer enn ett-1- forslag. Blanke stemmer teller ikke, og regnes som ikke avgitt. N\u00e5r et valg foreg\u00e5r enkeltvis og en kandidat ikke oppn\u00e5r flertall (mer halvparten av de avgitte stemmer), foretas bundet omvalg mellom de to-2- kandidatene som, oppn\u00e5dde flest stemmer i f\u00f8rste avstemming. Er det ved omvalg stemmelikhet, avgj\u00f8res valget ved loddtrekning.<\/p><p>8. N\u00e5r flere skal velges ved en avstemming, m\u00e5 alle, for \u00e5 anses som valgt, ha mer enn halvparten av stemmene. Hvis ikke et tilstrekkelig antall kandidater har oppn\u00e5dd dette i f\u00f8rste omgang, anses de valgt som har f\u00e5tt mer enn halvparten av stemmene. Det foretas s\u00e5 bundet omvalg mellom de \u00f8vrige kandidatene, og etter denne avstemmingen anses de valgt som har flest stemmer. Er det ved omvalg stemmelikhet, avgj\u00f8res valget ved loddtrekning.<\/p><p><strong>\u00a7 6. EKSTRAORDIN\u00c6RT \u00c5RSM\u00d8TE<\/strong><\/p><p>Ekstraordin\u00e6rt \u00e5rsm\u00f8te holdes n\u00e5r styret bestemmer det eller trettifem-35 av de stemmeberettigede medlemmene krever det. Det kunngj\u00f8res p\u00e5 samme m\u00e5te som for ordin\u00e6rt \u00e5rsm\u00f8te. Innkallingen sendes av styret med minst to-2- ukers varsel. Ekstraordin\u00e6rt \u00e5rsm\u00f8te kan bare behandle den eller de saker som kravet om det ekstraordin\u00e6re \u00e5rsm\u00f8tet omfatter og som er kunngjort i innkallingen.<\/p><p><strong>\u00a7 7. MEDLEMSM\u00d8TE<\/strong><\/p><p>Medlemsm\u00f8te holdes n\u00e5r styret finner det n\u00f8dvendig.<\/p><p><strong>\u00a7 8. STYRET<\/strong><\/p><p>Foreningen ledes av styret som er h\u00f8yeste myndighet mellom \u00e5rsm\u00f8tene. Styret skal:<\/p><p>1. Iverksette \u00e5rsm\u00f8tets vedtak og bestemmelser.<\/p><p>2. Forest\u00e5 foreningens daglige ledelse og representere denne utad.<\/p><p>3. Oppnevne etter behov komiteer\/ utvalg\/ personer for oppgaver og utarbeide instruks for disse.<\/p><p>4. Etter evne s\u00f8ke \u00e5 l\u00f8se foreningens oppgaver p\u00e5 beste m\u00e5te og ivareta medlemmenes interesser.Styret skal holde m\u00f8te n\u00e5r formann bestemmer det, eller n\u00e5r et flertall av styremedlemmene forlanger det.<\/p><p>Styret er vedtaksf\u00f8rt n\u00e5r flertallet av styremedlemmene er tilstede. Over styrets m\u00f8ter f\u00f8res egen styreprotokoll. Alle vedtak i styret fattes med flertall av de avgitte stemmer. Ved stemmelikhet gj\u00f8r formannens stemme utslaget.<\/p><p><strong>\u00a7 9. STYRETS ARBEID <\/strong><\/p><p>1. Formannen har den daglige ledelsen av foreningen. Han anviser alle utbetalinger. Fullmakt kan delegeres til kassereren for utbetalinger som gjelder den ordin\u00e6re drift. Formannen leder styrets forhandlinger og foreningens m\u00f8ter, om ikke annet er fastsatt.<\/p><p>2. Havnesjefen fungerer som formann under dennes frav\u00e6r.<\/p><p>3. Sekret\u00e6ren skal f\u00f8re protokoll over alle styrem\u00f8ter, medlemsm\u00f8ter og \u00e5rsm\u00f8ter. Han skal i samr\u00e5d med formannen f\u00f8re foreningens korrespondanse og er foreningens arkivar.<\/p><p>4. Kassereren plikter \u00e5 sette seg inn i gjeldende instrukser og bestemmelser vedtatt av styret, og f\u00f8re medlems fortegnelse i samsvar med disse. Styret bestemmer hvor stort bel\u00f8p kassereren til enhver tid kan ha i kassen. Underkasserer kan velges hvis det er behov for det.<\/p><p>5. Materialforvalteren tar vare p\u00e5 foreningens eiendeler med unntak av bryggene.<\/p><p>6. Bryggeformennene har ansvar for egen brygge, og bist\u00e5r havnesjefen med dennes oppgaver.<\/p><p>7. Revisoren skal gjennomg\u00e5 regnskapene i samsvar med vanlig revisjonsbestemmelser.<\/p><p>8. Valgkomiteen skal i god tid f\u00f8r \u00e5rsm\u00f8tet fremme kandidater til de tillitsverv som valget omfatter.<\/p><p>9. Representanten til styret i aktivitetshuset kan m\u00f8te i styret for aktivitetshuset for \u00e5 ivareta b\u00e5tforeningens interesser.<\/p><p><strong>\u00a7 10. OPPL\u00d8SNING<\/strong><\/p><p>Oppl\u00f8sning av foreningen kan bare vedtas p\u00e5 ordin\u00e6rt \u00e5rsm\u00f8te med 2\/3 \u2013to tredels flertall. Forslag om oppl\u00f8sning m\u00e5 v\u00e6re satt p\u00e5 saklisten og sendt medlemmene minst 14- fjorten- dager f\u00f8r m\u00f8tet. Blir oppl\u00f8sning vedtatt med 2\/3 \u2013to tredels flertall, holdes ekstraordin\u00e6rt \u00e5rsm\u00f8te 3-tre- m\u00e5neder senere. For at foreningen skal oppl\u00f8ses m\u00e5 vedtak herom gjentas med 2\/3 \u2013to tredels flertall.<\/p><p>Ved oppl\u00f8sning skal foreningens eiendeler og verdier tilfalle en forening eller virksomhet med beslektet form\u00e5l. Fortrinnsvis i geografisk n\u00e6rhet til V\u00e5ganes b\u00e5tforening. Det velges et styre som forvalter eiendeler og verdier inntil foreningen formelt er oppl\u00f8st og verdiene overf\u00f8rt.<\/p><p><strong>\u00a7 11. Lovendring. <\/strong><\/p><p>Endringer i denne loven kan bare foretas p\u00e5 ordin\u00e6rt eller ekstraordin\u00e6rt \u00e5rsm\u00f8te. Lovendring m\u00e5 v\u00e6re f\u00f8rt p\u00e5 sakslisten og det krever 2\/3 \u2013totredels \u2013flertall av de avgitte Stemmene.<\/p><p><span style=\"text-decoration: underline;\">\u00a7 10. kan ikke endres.<\/span><\/p>\t\t\t\t\t\t<\/div>\n\t\t\t\t<\/div>\n\t\t\t\t\t<\/div>\n\t\t<\/div>\n\t\t\t\t\t\t\t<\/div>\n\t\t<\/section>\n\t\t\t\t\t\t<\/div>\n\t\t\t\t\t<\/div>\n\t\t","protected":false},"excerpt":{"rendered":"<p>Loven for V\u00e5ganes B\u00e5tforening. Stiftet 1972 Loven ble vedtatt f\u00f8rste gang 14.02.1973 med endringer 24.10.1978, 22.04.1987, 28.11.1994, 20.11.2000, 26.11.2002, 16.11.2004, 19.11.2008, 04.12.2012 , 24.11.2015 og 21.10.2017. \u00a7 1. FORM\u00c5L a) Foreningens form\u00e5l er i fellesskap \u00e5 drive en sm\u00e5b\u00e5thavn i Grannesv\u00e5gen. b) Arbeide for b\u00e5tsportens fremme. \u00a7 2. a) Foreningen er uavhengig og privat eid. [&hellip;]<\/p>\n","protected":false},"author":1,"featured_media":0,"parent":0,"menu_order":0,"comment_status":"closed","ping_status":"closed","template":"","meta":{"footnotes":""},"_links":{"self":[{"href":"https:\/\/xn--vganesbtforening-dobg.no\/index.php\/wp-json\/wp\/v2\/pages\/870"}],"collection":[{"href":"https:\/\/xn--vganesbtforening-dobg.no\/index.php\/wp-json\/wp\/v2\/pages"}],"about":[{"href":"https:\/\/xn--vganesbtforening-dobg.no\/index.php\/wp-json\/wp\/v2\/types\/page"}],"author":[{"embeddable":true,"href":"https:\/\/xn--vganesbtforening-dobg.no\/index.php\/wp-json\/wp\/v2\/users\/1"}],"replies":[{"embeddable":true,"href":"https:\/\/xn--vganesbtforening-dobg.no\/index.php\/wp-json\/wp\/v2\/comments?post=870"}],"version-history":[{"count":10,"href":"https:\/\/xn--vganesbtforening-dobg.no\/index.php\/wp-json\/wp\/v2\/pages\/870\/revisions"}],"predecessor-version":[{"id":893,"href":"https:\/\/xn--vganesbtforening-dobg.no\/index.php\/wp-json\/wp\/v2\/pages\/870\/revisions\/893"}],"wp:attachment":[{"href":"https:\/\/xn--vganesbtforening-dobg.no\/index.php\/wp-json\/wp\/v2\/media?parent=870"}],"curies":[{"name":"wp","href":"https:\/\/api.w.org\/{rel}","templated":true}]}}