{"id":857,"date":"2024-02-10T08:15:13","date_gmt":"2024-02-10T07:15:13","guid":{"rendered":"https:\/\/xn--vganesbtforening-dobg.no\/?page_id=857"},"modified":"2024-02-10T08:50:45","modified_gmt":"2024-02-10T07:50:45","slug":"avfallsplan","status":"publish","type":"page","link":"https:\/\/xn--vganesbtforening-dobg.no\/index.php\/avfallsplan\/","title":{"rendered":"Avfallsplan"},"content":{"rendered":"\t\t<div data-elementor-type=\"wp-page\" data-elementor-id=\"857\" class=\"elementor elementor-857\" data-elementor-settings=\"[]\">\n\t\t\t\t\t\t\t<div class=\"elementor-section-wrap\">\n\t\t\t\t\t\t\t<section class=\"elementor-section elementor-top-section elementor-element elementor-element-376ca1f elementor-section-full_width elementor-section-stretched elementor-section-height-default elementor-section-height-default\" data-id=\"376ca1f\" data-element_type=\"section\" data-settings=\"{&quot;stretch_section&quot;:&quot;section-stretched&quot;}\">\n\t\t\t\t\t\t<div class=\"elementor-container elementor-column-gap-default\">\n\t\t\t\t\t<div class=\"elementor-column elementor-col-100 elementor-top-column elementor-element elementor-element-fa69ba8\" data-id=\"fa69ba8\" data-element_type=\"column\">\n\t\t\t<div class=\"elementor-widget-wrap elementor-element-populated\">\n\t\t\t\t\t\t\t\t<div class=\"elementor-element elementor-element-0cf7a0f elementor-widget elementor-widget-image\" data-id=\"0cf7a0f\" data-element_type=\"widget\" data-widget_type=\"image.default\">\n\t\t\t\t<div class=\"elementor-widget-container\">\n\t\t\t<style>\/*! elementor - v3.5.3 - 28-12-2021 *\/\n.elementor-widget-image{text-align:center}.elementor-widget-image a{display:inline-block}.elementor-widget-image a img[src$=\".svg\"]{width:48px}.elementor-widget-image img{vertical-align:middle;display:inline-block}<\/style>\t\t\t\t\t\t\t\t\t\t\t\t<img loading=\"lazy\" decoding=\"async\" width=\"2560\" height=\"1920\" src=\"https:\/\/xn--vganesbtforening-dobg.no\/wp-content\/uploads\/2024\/02\/pexels-catherine-sheila-2409022-scaled.jpeg\" class=\"attachment-full size-full\" alt=\"\" srcset=\"https:\/\/xn--vganesbtforening-dobg.no\/wp-content\/uploads\/2024\/02\/pexels-catherine-sheila-2409022-scaled.jpeg 2560w, https:\/\/xn--vganesbtforening-dobg.no\/wp-content\/uploads\/2024\/02\/pexels-catherine-sheila-2409022-300x225.jpeg 300w, https:\/\/xn--vganesbtforening-dobg.no\/wp-content\/uploads\/2024\/02\/pexels-catherine-sheila-2409022-1024x768.jpeg 1024w, https:\/\/xn--vganesbtforening-dobg.no\/wp-content\/uploads\/2024\/02\/pexels-catherine-sheila-2409022-768x576.jpeg 768w, https:\/\/xn--vganesbtforening-dobg.no\/wp-content\/uploads\/2024\/02\/pexels-catherine-sheila-2409022-1536x1152.jpeg 1536w, https:\/\/xn--vganesbtforening-dobg.no\/wp-content\/uploads\/2024\/02\/pexels-catherine-sheila-2409022-2048x1536.jpeg 2048w\" sizes=\"(max-width: 2560px) 100vw, 2560px\" \/>\t\t\t\t\t\t\t\t\t\t\t\t\t\t\t<\/div>\n\t\t\t\t<\/div>\n\t\t\t\t\t<\/div>\n\t\t<\/div>\n\t\t\t\t\t\t\t<\/div>\n\t\t<\/section>\n\t\t\t\t<section class=\"elementor-section elementor-top-section elementor-element elementor-element-e269bf6 elementor-section-full_width elementor-section-stretched elementor-section-height-default elementor-section-height-default\" data-id=\"e269bf6\" data-element_type=\"section\" data-settings=\"{&quot;stretch_section&quot;:&quot;section-stretched&quot;}\">\n\t\t\t\t\t\t<div class=\"elementor-container elementor-column-gap-default\">\n\t\t\t\t\t<div class=\"elementor-column elementor-col-100 elementor-top-column elementor-element elementor-element-d1d8119\" data-id=\"d1d8119\" data-element_type=\"column\">\n\t\t\t<div class=\"elementor-widget-wrap elementor-element-populated\">\n\t\t\t\t\t\t\t\t<div class=\"elementor-element elementor-element-3523ad6 elementor-widget elementor-widget-spacer\" data-id=\"3523ad6\" data-element_type=\"widget\" data-widget_type=\"spacer.default\">\n\t\t\t\t<div class=\"elementor-widget-container\">\n\t\t\t<style>\/*! elementor - v3.18.0 - 20-12-2023 *\/\n.elementor-column .elementor-spacer-inner{height:var(--spacer-size)}.e-con{--container-widget-width:100%}.e-con-inner>.elementor-widget-spacer,.e-con>.elementor-widget-spacer{width:var(--container-widget-width,var(--spacer-size));--align-self:var(--container-widget-align-self,initial);--flex-shrink:0}.e-con-inner>.elementor-widget-spacer>.elementor-widget-container,.e-con>.elementor-widget-spacer>.elementor-widget-container{height:100%;width:100%}.e-con-inner>.elementor-widget-spacer>.elementor-widget-container>.elementor-spacer,.e-con>.elementor-widget-spacer>.elementor-widget-container>.elementor-spacer{height:100%}.e-con-inner>.elementor-widget-spacer>.elementor-widget-container>.elementor-spacer>.elementor-spacer-inner,.e-con>.elementor-widget-spacer>.elementor-widget-container>.elementor-spacer>.elementor-spacer-inner{height:var(--container-widget-height,var(--spacer-size))}.e-con-inner>.elementor-widget-spacer.elementor-widget-empty,.e-con>.elementor-widget-spacer.elementor-widget-empty{position:relative;min-height:22px;min-width:22px}.e-con-inner>.elementor-widget-spacer.elementor-widget-empty .elementor-widget-empty-icon,.e-con>.elementor-widget-spacer.elementor-widget-empty .elementor-widget-empty-icon{position:absolute;top:0;bottom:0;left:0;right:0;margin:auto;padding:0;width:22px;height:22px}<\/style>\t\t<div class=\"elementor-spacer\">\n\t\t\t<div class=\"elementor-spacer-inner\"><\/div>\n\t\t<\/div>\n\t\t\t\t<\/div>\n\t\t\t\t<\/div>\n\t\t\t\t\t<\/div>\n\t\t<\/div>\n\t\t\t\t\t\t\t<\/div>\n\t\t<\/section>\n\t\t\t\t<section class=\"elementor-section elementor-top-section elementor-element elementor-element-415cfdf elementor-section-boxed elementor-section-height-default elementor-section-height-default\" data-id=\"415cfdf\" data-element_type=\"section\">\n\t\t\t\t\t\t<div class=\"elementor-container elementor-column-gap-default\">\n\t\t\t\t\t<div class=\"elementor-column elementor-col-100 elementor-top-column elementor-element elementor-element-0b981d0\" data-id=\"0b981d0\" data-element_type=\"column\">\n\t\t\t<div class=\"elementor-widget-wrap elementor-element-populated\">\n\t\t\t\t\t\t\t\t<div class=\"elementor-element elementor-element-f6d7f7e elementor-widget elementor-widget-heading\" data-id=\"f6d7f7e\" data-element_type=\"widget\" data-widget_type=\"heading.default\">\n\t\t\t\t<div class=\"elementor-widget-container\">\n\t\t\t<style>\/*! elementor - v3.5.3 - 28-12-2021 *\/\n.elementor-heading-title{padding:0;margin:0;line-height:1}.elementor-widget-heading .elementor-heading-title[class*=elementor-size-]>a{color:inherit;font-size:inherit;line-height:inherit}.elementor-widget-heading .elementor-heading-title.elementor-size-small{font-size:15px}.elementor-widget-heading .elementor-heading-title.elementor-size-medium{font-size:19px}.elementor-widget-heading .elementor-heading-title.elementor-size-large{font-size:29px}.elementor-widget-heading .elementor-heading-title.elementor-size-xl{font-size:39px}.elementor-widget-heading .elementor-heading-title.elementor-size-xxl{font-size:59px}<\/style><h2 class=\"elementor-heading-title elementor-size-default\">AVFALLSPLAN FOR V\u00c5GANES B\u00c5TFORENING<\/h2>\t\t<\/div>\n\t\t\t\t<\/div>\n\t\t\t\t\t<\/div>\n\t\t<\/div>\n\t\t\t\t\t\t\t<\/div>\n\t\t<\/section>\n\t\t\t\t<section class=\"elementor-section elementor-top-section elementor-element elementor-element-b3ecba3 elementor-section-boxed elementor-section-height-default elementor-section-height-default\" data-id=\"b3ecba3\" data-element_type=\"section\">\n\t\t\t\t\t\t<div class=\"elementor-container elementor-column-gap-default\">\n\t\t\t\t\t<div class=\"elementor-column elementor-col-100 elementor-top-column elementor-element elementor-element-988f284\" data-id=\"988f284\" data-element_type=\"column\">\n\t\t\t<div class=\"elementor-widget-wrap elementor-element-populated\">\n\t\t\t\t\t\t\t\t<div class=\"elementor-element elementor-element-e908d46 elementor-widget elementor-widget-text-editor\" data-id=\"e908d46\" data-element_type=\"widget\" data-widget_type=\"text-editor.default\">\n\t\t\t\t<div class=\"elementor-widget-container\">\n\t\t\t<style>\/*! elementor - v3.5.3 - 28-12-2021 *\/\n.elementor-widget-text-editor.elementor-drop-cap-view-stacked .elementor-drop-cap{background-color:#818a91;color:#fff}.elementor-widget-text-editor.elementor-drop-cap-view-framed .elementor-drop-cap{color:#818a91;border:3px solid;background-color:transparent}.elementor-widget-text-editor:not(.elementor-drop-cap-view-default) .elementor-drop-cap{margin-top:8px}.elementor-widget-text-editor:not(.elementor-drop-cap-view-default) .elementor-drop-cap-letter{width:1em;height:1em}.elementor-widget-text-editor .elementor-drop-cap{float:left;text-align:center;line-height:1;font-size:50px}.elementor-widget-text-editor .elementor-drop-cap-letter{display:inline-block}<\/style>\t\t\t\t<p><strong>Form\u00e5let med en avfallsplan er at alle brukere av havnen skal h\u00e5ndtere avfall og kjemikalier p\u00e5 en slik m\u00e5te at havnen er ryddig, sikker og at milj\u00f8et blir beskyttet mot forurensing.<\/strong><\/p><p>Havnen skal fremst\u00e5 som ren og ryddig. Avfall skal behandles i samsvar med avfallsplanen til V\u00e5ganes b\u00e5tforening. Det avfall som omhandles i denne avfallsplan er ment \u00e5 v\u00e6re avfall som er relatert til b\u00e5thavnen. Det vil si avfall fra drift av b\u00e5thavn og fra b\u00e5tbruk.<\/p><p>V\u00e5ganes b\u00e5tforening oppfordrer alle brukere til \u00e5 tenke p\u00e5 milj\u00f8et i forbindelse med sin b\u00e5tbruk. Medlemmer av V\u00e5ganes b\u00e5tforening plikter \u00e5 lese avfallsplanen og behandle avfall p\u00e5 en god m\u00e5te som sikrer milj\u00f8et. Planen er ogs\u00e5 tilgjengelig p\u00e5 oppslagstavle i havnen.<\/p>\t\t\t\t\t\t<\/div>\n\t\t\t\t<\/div>\n\t\t\t\t\t<\/div>\n\t\t<\/div>\n\t\t\t\t\t\t\t<\/div>\n\t\t<\/section>\n\t\t\t\t<section class=\"elementor-section elementor-top-section elementor-element elementor-element-e07c4c7 elementor-section-boxed elementor-section-height-default elementor-section-height-default\" data-id=\"e07c4c7\" data-element_type=\"section\">\n\t\t\t\t\t\t<div class=\"elementor-container elementor-column-gap-default\">\n\t\t\t\t\t<div class=\"elementor-column elementor-col-100 elementor-top-column elementor-element elementor-element-1492143\" data-id=\"1492143\" data-element_type=\"column\">\n\t\t\t<div class=\"elementor-widget-wrap elementor-element-populated\">\n\t\t\t\t\t\t\t\t<div class=\"elementor-element elementor-element-ef91484 elementor-widget elementor-widget-text-editor\" data-id=\"ef91484\" data-element_type=\"widget\" data-widget_type=\"text-editor.default\">\n\t\t\t\t<div class=\"elementor-widget-container\">\n\t\t\t\t\t\t\t<p><strong>Bakgrunn <\/strong><\/p><p>Avfallsplan er utarbeidet med utgangspunkt i forskriftene om internkontroll \u00a7 5, annet ledd, punkt 6 og 7 og forurensningsforskriften kapittel 20, \u00a7 20-6, vedlegg I og III.<\/p><p><strong>Ansvarlig <\/strong><\/p><p>Ansvarlig for utarbeidelse, oppdatering og oppf\u00f8lging av avfallsplanen er styret i V\u00e5ganes b\u00e5tforening. Havnesjef er havnens milj\u00f8ansvarlige.<\/p><p><strong>Behov for mottaksanlegg<\/strong><\/p><p>V\u00e5ganes b\u00e5tforening har plass til ca. 180 b\u00e5tplasser for fritidsb\u00e5ter. Disse er fordelt p\u00e5:<\/p><ul><li>20-30 plasser til jolle\/sm\u00e5b\u00e5t<\/li><li>130 plasser til b\u00e5ter opp til 25 fot<\/li><li>20 plasser til b\u00e5ter opp til 34 fot<\/li><\/ul><p>B\u00e5thavnen har ingen gjesteplasser. Havnen har plass til ca 30-40 b\u00e5ter i vinteropplag. Vedlikehold av b\u00e5ter, v\u00e5r og h\u00f8st genererer avfall utover det som klassifiseres som husholdningsavfall. Aktuelle kategorier farlig avfall er blybatterier, spillolje, frostv\u00e6ske, filter til olje og drivstoff, rester av bunnstoff\/maling\/lakk og tils\u00f8lte filler\/koster\/absorpsjonsmidler.<\/p><p><strong>Mottaksanleggets type og kapasitet <\/strong><\/p><p>Det er plassert ut 2 stk. avfallsdunker for industriavfall, hver p\u00e5 120L. Disse er plassert p\u00e5 parkeringsplass. Det er satt opp tank for spillolje i skur bak garasje som er merket med skilt for spillolje. Kode til hengel\u00e5s henger p\u00e5 vegg inne i klubbhus. Annet farlig avfall som ikke kan kastes i avfallsdunker skal medlemmene ta med seg godkjent mottak selv. Avfallsdunker t\u00f8mmes en gang pr. uke. Oljespilltank t\u00f8mmes ved behov og rekvireres av ansvarlig i V\u00e5ganes b\u00e5tforening. Deklarasjonsskjemaer arkiveres.<\/p><p><strong>Prosedyre for mottak og innsamling av avfall fra fritidsb\u00e5ter <\/strong><\/p><p>Brukere av V\u00e5ganes b\u00e5tforening bringer selv sitt avfall til anviste oppsamlingsenheter. Det er kun anledning til \u00e5 hive\/t\u00f8mme avfall som det er anvist mottaksordning for. Alt annet avfall m\u00e5 b\u00e5teiere og andre brukere av havnen ta med seg til godkjente mottak selv. Brukere har ikke anledning til \u00e5 sette fra seg avfall andre steder og har heller ikke anledning til \u00e5 benytte b\u00e5thavnens avfallsmottak til avfall som ikke har oppst\u00e5tt som f\u00f8lge av bruk, drift og vedlikehold av fritidsb\u00e5ter tilknyttet V\u00e5ganes b\u00e5tforening.<\/p><p><strong>Avfall fra spyling \/ rengj\u00f8ring av b\u00e5ter. <\/strong><\/p><p>Det er ikke oppsamlingsl\u00f8sning for vann fra utvendig rengj\u00f8ring. V\u00e5ganes b\u00e5tforening oppfordrer b\u00e5teierne \u00e5 begrense spyling til vasking, fjerning av slim, skjell og rur. Spyling med hensikt om \u00e5 fjerne gammelt bunnstoff anses som skraping \/ sliping.<\/p><p><strong>Avfall fra skraping \/ sliping av bunnstoff. <\/strong><\/p><p>Ved skraping, sliping eller fjerning av bunnstoff, skal det legges presenning\/ oppsamlings duk under b\u00e5ten samt settes i gang tiltak for \u00e5 unng\u00e5 spredning av slipest\u00f8v. Ved sliping, skal det, s\u00e5 langt det er praktisk mulig, benyttes vannsliping. Eventuelt kan slipemaskin koplet direkte til st\u00f8vsuger benyttes.<\/p><p>Oppsamlet avfall skal leveres til godkjent mottak av bruker selv.<\/p><p>Utvendig b\u00e5tsliping i er ikke tillat n\u00e5r b\u00e5ten ligger p\u00e5 vannet hvis det kan belaste milj\u00f8et.<\/p><p><strong>Avfall i sj\u00f8en<\/strong><\/p><p>Avfall skal ikke dumpes p\u00e5 sj\u00f8en. Dette omfatter olje og kjemikalier, husholdningsavfall og andre former for avfall. Ved l\u00f8pende vedlikehold av b\u00e5t som ligger i sj\u00f8en, b\u00f8r det brukes kjemikalier som belaster milj\u00f8et minst mulig. T\u00f8mming av b\u00e5ttoalett, septiktank og kj\u00f8lvann tilgriset av olje, diesel osv er ikke tillatt i havnen og m\u00e5 foretas i samsvar med gjeldene regler.<\/p><p><strong>Gebyrsystem <\/strong><\/p><p>I V\u00e5ganes b\u00e5tforening inng\u00e5r dette i havneavgift for b\u00e5tplass.<\/p>\t\t\t\t\t\t<\/div>\n\t\t\t\t<\/div>\n\t\t\t\t\t<\/div>\n\t\t<\/div>\n\t\t\t\t\t\t\t<\/div>\n\t\t<\/section>\n\t\t\t\t\t\t<\/div>\n\t\t\t\t\t<\/div>\n\t\t","protected":false},"excerpt":{"rendered":"<p>AVFALLSPLAN FOR V\u00c5GANES B\u00c5TFORENING Form\u00e5let med en avfallsplan er at alle brukere av havnen skal h\u00e5ndtere avfall og kjemikalier p\u00e5 en slik m\u00e5te at havnen er ryddig, sikker og at milj\u00f8et blir beskyttet mot forurensing. Havnen skal fremst\u00e5 som ren og ryddig. Avfall skal behandles i samsvar med avfallsplanen til V\u00e5ganes b\u00e5tforening. Det avfall som [&hellip;]<\/p>\n","protected":false},"author":1,"featured_media":0,"parent":0,"menu_order":0,"comment_status":"closed","ping_status":"closed","template":"","meta":{"footnotes":""},"_links":{"self":[{"href":"https:\/\/xn--vganesbtforening-dobg.no\/index.php\/wp-json\/wp\/v2\/pages\/857"}],"collection":[{"href":"https:\/\/xn--vganesbtforening-dobg.no\/index.php\/wp-json\/wp\/v2\/pages"}],"about":[{"href":"https:\/\/xn--vganesbtforening-dobg.no\/index.php\/wp-json\/wp\/v2\/types\/page"}],"author":[{"embeddable":true,"href":"https:\/\/xn--vganesbtforening-dobg.no\/index.php\/wp-json\/wp\/v2\/users\/1"}],"replies":[{"embeddable":true,"href":"https:\/\/xn--vganesbtforening-dobg.no\/index.php\/wp-json\/wp\/v2\/comments?post=857"}],"version-history":[{"count":7,"href":"https:\/\/xn--vganesbtforening-dobg.no\/index.php\/wp-json\/wp\/v2\/pages\/857\/revisions"}],"predecessor-version":[{"id":868,"href":"https:\/\/xn--vganesbtforening-dobg.no\/index.php\/wp-json\/wp\/v2\/pages\/857\/revisions\/868"}],"wp:attachment":[{"href":"https:\/\/xn--vganesbtforening-dobg.no\/index.php\/wp-json\/wp\/v2\/media?parent=857"}],"curies":[{"name":"wp","href":"https:\/\/api.w.org\/{rel}","templated":true}]}}