{"id":37,"date":"2020-01-22T18:58:33","date_gmt":"2020-01-22T17:58:33","guid":{"rendered":"https:\/\/xn--vganesbtforening-dobg.no\/?page_id=37"},"modified":"2025-08-17T20:44:47","modified_gmt":"2025-08-17T18:44:47","slug":"vaganes_batforening","status":"publish","type":"page","link":"https:\/\/xn--vganesbtforening-dobg.no\/","title":{"rendered":"V\u00e5ganes B\u00e5tforening"},"content":{"rendered":"\t\t<div data-elementor-type=\"wp-page\" data-elementor-id=\"37\" class=\"elementor elementor-37\" data-elementor-settings=\"[]\">\n\t\t\t\t\t\t\t<div class=\"elementor-section-wrap\">\n\t\t\t\t\t\t\t<section class=\"elementor-section elementor-top-section elementor-element elementor-element-0dd5c6e elementor-section-boxed elementor-section-height-default elementor-section-height-default\" data-id=\"0dd5c6e\" data-element_type=\"section\">\n\t\t\t\t\t\t<div class=\"elementor-container elementor-column-gap-default\">\n\t\t\t\t\t<div class=\"elementor-column elementor-col-50 elementor-top-column elementor-element elementor-element-1daa79e\" data-id=\"1daa79e\" data-element_type=\"column\">\n\t\t\t<div class=\"elementor-widget-wrap elementor-element-populated\">\n\t\t\t\t\t\t\t\t<div class=\"elementor-element elementor-element-a052aaf elementor-widget elementor-widget-image\" data-id=\"a052aaf\" data-element_type=\"widget\" data-widget_type=\"image.default\">\n\t\t\t\t<div class=\"elementor-widget-container\">\n\t\t\t<style>\/*! elementor - v3.5.3 - 28-12-2021 *\/\n.elementor-widget-image{text-align:center}.elementor-widget-image a{display:inline-block}.elementor-widget-image a img[src$=\".svg\"]{width:48px}.elementor-widget-image img{vertical-align:middle;display:inline-block}<\/style>\t\t\t\t\t\t\t\t\t\t\t\t<img loading=\"lazy\" decoding=\"async\" width=\"768\" height=\"547\" src=\"https:\/\/xn--vganesbtforening-dobg.no\/wp-content\/uploads\/2025\/08\/IMG_2247-768x547.jpg\" class=\"attachment-medium_large size-medium_large\" alt=\"\" srcset=\"https:\/\/xn--vganesbtforening-dobg.no\/wp-content\/uploads\/2025\/08\/IMG_2247-768x547.jpg 768w, https:\/\/xn--vganesbtforening-dobg.no\/wp-content\/uploads\/2025\/08\/IMG_2247-300x214.jpg 300w, https:\/\/xn--vganesbtforening-dobg.no\/wp-content\/uploads\/2025\/08\/IMG_2247-1024x730.jpg 1024w, https:\/\/xn--vganesbtforening-dobg.no\/wp-content\/uploads\/2025\/08\/IMG_2247-1536x1095.jpg 1536w, https:\/\/xn--vganesbtforening-dobg.no\/wp-content\/uploads\/2025\/08\/IMG_2247-2048x1459.jpg 2048w\" sizes=\"(max-width: 768px) 100vw, 768px\" \/>\t\t\t\t\t\t\t\t\t\t\t\t\t\t\t<\/div>\n\t\t\t\t<\/div>\n\t\t\t\t\t<\/div>\n\t\t<\/div>\n\t\t\t\t<div class=\"elementor-column elementor-col-50 elementor-top-column elementor-element elementor-element-326d924\" data-id=\"326d924\" data-element_type=\"column\">\n\t\t\t<div class=\"elementor-widget-wrap elementor-element-populated\">\n\t\t\t\t\t\t\t\t<div class=\"elementor-element elementor-element-99a3fe3 elementor-widget elementor-widget-text-editor\" data-id=\"99a3fe3\" data-element_type=\"widget\" data-widget_type=\"text-editor.default\">\n\t\t\t\t<div class=\"elementor-widget-container\">\n\t\t\t<style>\/*! elementor - v3.5.3 - 28-12-2021 *\/\n.elementor-widget-text-editor.elementor-drop-cap-view-stacked .elementor-drop-cap{background-color:#818a91;color:#fff}.elementor-widget-text-editor.elementor-drop-cap-view-framed .elementor-drop-cap{color:#818a91;border:3px solid;background-color:transparent}.elementor-widget-text-editor:not(.elementor-drop-cap-view-default) .elementor-drop-cap{margin-top:8px}.elementor-widget-text-editor:not(.elementor-drop-cap-view-default) .elementor-drop-cap-letter{width:1em;height:1em}.elementor-widget-text-editor .elementor-drop-cap{float:left;text-align:center;line-height:1;font-size:50px}.elementor-widget-text-editor .elementor-drop-cap-letter{display:inline-block}<\/style>\t\t\t\t<p>Velkommen til V\u00e5ganes B\u00e5tforening!<\/p>\n<p>Foreningen ble stiftet i 1972 og holder til i Sola kommune ved det historiske Ytraberget i Hafrsfjord. Sm\u00e5b\u00e5tshavnen best\u00e5r av fire flytebrygger, en servicebrygge, en rampe for&nbsp; utsetting av b\u00e5ter med tilhenger samt et nytt klubbhus og verksted. Vi er stolte av at klubbhuset ble nominert til prisen for \u00e5rets nybygg i 2024!<\/p>\n<p>Mange medlemmer finner stor glede i \u00e5 bruke havnen som et utgangspunkt for turer til \u00f8yene i Hafrsfjord, fisking i skj\u00e6rg\u00e5rden mellom Rott og Kvits\u00f8y og helgeturer inn i Ryfylke.&nbsp; &nbsp;<\/p>\n<p>I tillegg har foreningen har et aktivt seilermilj\u00f8, og havnen har et godt renomm\u00e9 som vert for Norgesmesterskap som arrangeres med jevne mellomrom.<\/p>\n<p>P\u00e5 hjemmesidene finner du informasjon om priser, havnereglement og vedtekter, dugnader, sj\u00f8setting, aktiviteter osv.<\/p><p>Styret i V\u00e5ganes B\u00e5tforening<\/p>\t\t\t\t\t\t<\/div>\n\t\t\t\t<\/div>\n\t\t\t\t\t<\/div>\n\t\t<\/div>\n\t\t\t\t\t\t\t<\/div>\n\t\t<\/section>\n\t\t\t\t\t\t<\/div>\n\t\t\t\t\t<\/div>\n\t\t","protected":false},"excerpt":{"rendered":"<p>Velkommen til V\u00e5ganes B\u00e5tforening! Foreningen ble stiftet i 1972 og holder til i Sola kommune ved det historiske Ytraberget i Hafrsfjord. Sm\u00e5b\u00e5tshavnen best\u00e5r av fire flytebrygger, en servicebrygge, en rampe for&nbsp; utsetting av b\u00e5ter med tilhenger samt et nytt klubbhus og verksted. Vi er stolte av at klubbhuset ble nominert til prisen for \u00e5rets nybygg [&hellip;]<\/p>\n","protected":false},"author":1,"featured_media":29,"parent":0,"menu_order":0,"comment_status":"closed","ping_status":"closed","template":"","meta":{"footnotes":""},"_links":{"self":[{"href":"https:\/\/xn--vganesbtforening-dobg.no\/index.php\/wp-json\/wp\/v2\/pages\/37"}],"collection":[{"href":"https:\/\/xn--vganesbtforening-dobg.no\/index.php\/wp-json\/wp\/v2\/pages"}],"about":[{"href":"https:\/\/xn--vganesbtforening-dobg.no\/index.php\/wp-json\/wp\/v2\/types\/page"}],"author":[{"embeddable":true,"href":"https:\/\/xn--vganesbtforening-dobg.no\/index.php\/wp-json\/wp\/v2\/users\/1"}],"replies":[{"embeddable":true,"href":"https:\/\/xn--vganesbtforening-dobg.no\/index.php\/wp-json\/wp\/v2\/comments?post=37"}],"version-history":[{"count":150,"href":"https:\/\/xn--vganesbtforening-dobg.no\/index.php\/wp-json\/wp\/v2\/pages\/37\/revisions"}],"predecessor-version":[{"id":1159,"href":"https:\/\/xn--vganesbtforening-dobg.no\/index.php\/wp-json\/wp\/v2\/pages\/37\/revisions\/1159"}],"wp:featuredmedia":[{"embeddable":true,"href":"https:\/\/xn--vganesbtforening-dobg.no\/index.php\/wp-json\/wp\/v2\/media\/29"}],"wp:attachment":[{"href":"https:\/\/xn--vganesbtforening-dobg.no\/index.php\/wp-json\/wp\/v2\/media?parent=37"}],"curies":[{"name":"wp","href":"https:\/\/api.w.org\/{rel}","templated":true}]}}