{"id":358,"date":"2020-04-07T13:15:33","date_gmt":"2020-04-07T11:15:33","guid":{"rendered":"https:\/\/xn--vganesbtforening-dobg.no\/?page_id=358"},"modified":"2024-02-10T16:11:39","modified_gmt":"2024-02-10T15:11:39","slug":"havnen","status":"publish","type":"page","link":"https:\/\/xn--vganesbtforening-dobg.no\/index.php\/havnen\/","title":{"rendered":"Havnen"},"content":{"rendered":"\t\t<div data-elementor-type=\"wp-page\" data-elementor-id=\"358\" class=\"elementor elementor-358\" data-elementor-settings=\"[]\">\n\t\t\t\t\t\t\t<div class=\"elementor-section-wrap\">\n\t\t\t\t\t\t\t<section class=\"elementor-section elementor-top-section elementor-element elementor-element-a8a6fb5 elementor-section-full_width elementor-section-stretched elementor-section-height-default elementor-section-height-default\" data-id=\"a8a6fb5\" data-element_type=\"section\" data-settings=\"{&quot;stretch_section&quot;:&quot;section-stretched&quot;}\">\n\t\t\t\t\t\t<div class=\"elementor-container elementor-column-gap-default\">\n\t\t\t\t\t<div class=\"elementor-column elementor-col-100 elementor-top-column elementor-element elementor-element-8857815\" data-id=\"8857815\" data-element_type=\"column\">\n\t\t\t<div class=\"elementor-widget-wrap elementor-element-populated\">\n\t\t\t\t\t\t\t\t<div class=\"elementor-element elementor-element-9ee75cd elementor-widget__width-inherit elementor-widget elementor-widget-image\" data-id=\"9ee75cd\" data-element_type=\"widget\" data-widget_type=\"image.default\">\n\t\t\t\t<div class=\"elementor-widget-container\">\n\t\t\t<style>\/*! elementor - v3.5.3 - 28-12-2021 *\/\n.elementor-widget-image{text-align:center}.elementor-widget-image a{display:inline-block}.elementor-widget-image a img[src$=\".svg\"]{width:48px}.elementor-widget-image img{vertical-align:middle;display:inline-block}<\/style>\t\t\t\t\t\t\t\t\t\t\t\t<img loading=\"lazy\" decoding=\"async\" width=\"2560\" height=\"1707\" src=\"https:\/\/xn--vganesbtforening-dobg.no\/wp-content\/uploads\/2024\/02\/pexels-leigh-patrick-137533-scaled.jpeg\" class=\"attachment-full size-full\" alt=\"\" srcset=\"https:\/\/xn--vganesbtforening-dobg.no\/wp-content\/uploads\/2024\/02\/pexels-leigh-patrick-137533-scaled.jpeg 2560w, https:\/\/xn--vganesbtforening-dobg.no\/wp-content\/uploads\/2024\/02\/pexels-leigh-patrick-137533-300x200.jpeg 300w, https:\/\/xn--vganesbtforening-dobg.no\/wp-content\/uploads\/2024\/02\/pexels-leigh-patrick-137533-1024x683.jpeg 1024w, https:\/\/xn--vganesbtforening-dobg.no\/wp-content\/uploads\/2024\/02\/pexels-leigh-patrick-137533-768x512.jpeg 768w, https:\/\/xn--vganesbtforening-dobg.no\/wp-content\/uploads\/2024\/02\/pexels-leigh-patrick-137533-1536x1024.jpeg 1536w, https:\/\/xn--vganesbtforening-dobg.no\/wp-content\/uploads\/2024\/02\/pexels-leigh-patrick-137533-2048x1365.jpeg 2048w\" sizes=\"(max-width: 2560px) 100vw, 2560px\" \/>\t\t\t\t\t\t\t\t\t\t\t\t\t\t\t<\/div>\n\t\t\t\t<\/div>\n\t\t\t\t\t<\/div>\n\t\t<\/div>\n\t\t\t\t\t\t\t<\/div>\n\t\t<\/section>\n\t\t\t\t<section class=\"elementor-section elementor-top-section elementor-element elementor-element-a7b7f3d elementor-section-full_width elementor-section-stretched elementor-section-height-default elementor-section-height-default\" data-id=\"a7b7f3d\" data-element_type=\"section\" data-settings=\"{&quot;stretch_section&quot;:&quot;section-stretched&quot;}\">\n\t\t\t\t\t\t<div class=\"elementor-container elementor-column-gap-default\">\n\t\t\t\t\t<div class=\"elementor-column elementor-col-100 elementor-top-column elementor-element elementor-element-e8a6a1b\" data-id=\"e8a6a1b\" data-element_type=\"column\">\n\t\t\t<div class=\"elementor-widget-wrap elementor-element-populated\">\n\t\t\t\t\t\t\t\t<div class=\"elementor-element elementor-element-17f2896 elementor-widget elementor-widget-spacer\" data-id=\"17f2896\" data-element_type=\"widget\" data-widget_type=\"spacer.default\">\n\t\t\t\t<div class=\"elementor-widget-container\">\n\t\t\t<style>\/*! elementor - v3.18.0 - 20-12-2023 *\/\n.elementor-column .elementor-spacer-inner{height:var(--spacer-size)}.e-con{--container-widget-width:100%}.e-con-inner>.elementor-widget-spacer,.e-con>.elementor-widget-spacer{width:var(--container-widget-width,var(--spacer-size));--align-self:var(--container-widget-align-self,initial);--flex-shrink:0}.e-con-inner>.elementor-widget-spacer>.elementor-widget-container,.e-con>.elementor-widget-spacer>.elementor-widget-container{height:100%;width:100%}.e-con-inner>.elementor-widget-spacer>.elementor-widget-container>.elementor-spacer,.e-con>.elementor-widget-spacer>.elementor-widget-container>.elementor-spacer{height:100%}.e-con-inner>.elementor-widget-spacer>.elementor-widget-container>.elementor-spacer>.elementor-spacer-inner,.e-con>.elementor-widget-spacer>.elementor-widget-container>.elementor-spacer>.elementor-spacer-inner{height:var(--container-widget-height,var(--spacer-size))}.e-con-inner>.elementor-widget-spacer.elementor-widget-empty,.e-con>.elementor-widget-spacer.elementor-widget-empty{position:relative;min-height:22px;min-width:22px}.e-con-inner>.elementor-widget-spacer.elementor-widget-empty .elementor-widget-empty-icon,.e-con>.elementor-widget-spacer.elementor-widget-empty .elementor-widget-empty-icon{position:absolute;top:0;bottom:0;left:0;right:0;margin:auto;padding:0;width:22px;height:22px}<\/style>\t\t<div class=\"elementor-spacer\">\n\t\t\t<div class=\"elementor-spacer-inner\"><\/div>\n\t\t<\/div>\n\t\t\t\t<\/div>\n\t\t\t\t<\/div>\n\t\t\t\t\t<\/div>\n\t\t<\/div>\n\t\t\t\t\t\t\t<\/div>\n\t\t<\/section>\n\t\t\t\t<section class=\"elementor-section elementor-top-section elementor-element elementor-element-35f8d5f elementor-section-boxed elementor-section-height-default elementor-section-height-default\" data-id=\"35f8d5f\" data-element_type=\"section\">\n\t\t\t\t\t\t<div class=\"elementor-container elementor-column-gap-default\">\n\t\t\t\t\t<div class=\"elementor-column elementor-col-66 elementor-top-column elementor-element elementor-element-77cc6ec\" data-id=\"77cc6ec\" data-element_type=\"column\">\n\t\t\t<div class=\"elementor-widget-wrap elementor-element-populated\">\n\t\t\t\t\t\t\t\t<div class=\"elementor-element elementor-element-3bf3aba elementor-widget elementor-widget-image\" data-id=\"3bf3aba\" data-element_type=\"widget\" data-widget_type=\"image.default\">\n\t\t\t\t<div class=\"elementor-widget-container\">\n\t\t\t\t\t\t\t\t\t\t\t\t\t\t\t<img loading=\"lazy\" decoding=\"async\" width=\"300\" height=\"169\" src=\"https:\/\/xn--vganesbtforening-dobg.no\/wp-content\/uploads\/2020\/01\/37815066_673260409690145_5757016249942933504_o-300x169.jpg\" class=\"attachment-medium size-medium\" alt=\"\" srcset=\"https:\/\/xn--vganesbtforening-dobg.no\/wp-content\/uploads\/2020\/01\/37815066_673260409690145_5757016249942933504_o-300x169.jpg 300w, https:\/\/xn--vganesbtforening-dobg.no\/wp-content\/uploads\/2020\/01\/37815066_673260409690145_5757016249942933504_o-1024x576.jpg 1024w, https:\/\/xn--vganesbtforening-dobg.no\/wp-content\/uploads\/2020\/01\/37815066_673260409690145_5757016249942933504_o-768x432.jpg 768w, https:\/\/xn--vganesbtforening-dobg.no\/wp-content\/uploads\/2020\/01\/37815066_673260409690145_5757016249942933504_o.jpg 1440w\" sizes=\"(max-width: 300px) 100vw, 300px\" \/>\t\t\t\t\t\t\t\t\t\t\t\t\t\t\t<\/div>\n\t\t\t\t<\/div>\n\t\t\t\t\t<\/div>\n\t\t<\/div>\n\t\t\t\t<div class=\"elementor-column elementor-col-33 elementor-top-column elementor-element elementor-element-396f14f\" data-id=\"396f14f\" data-element_type=\"column\">\n\t\t\t<div class=\"elementor-widget-wrap elementor-element-populated\">\n\t\t\t\t\t\t\t\t<div class=\"elementor-element elementor-element-a78f209 elementor-widget elementor-widget-text-editor\" data-id=\"a78f209\" data-element_type=\"widget\" data-widget_type=\"text-editor.default\">\n\t\t\t\t<div class=\"elementor-widget-container\">\n\t\t\t<style>\/*! elementor - v3.5.3 - 28-12-2021 *\/\n.elementor-widget-text-editor.elementor-drop-cap-view-stacked .elementor-drop-cap{background-color:#818a91;color:#fff}.elementor-widget-text-editor.elementor-drop-cap-view-framed .elementor-drop-cap{color:#818a91;border:3px solid;background-color:transparent}.elementor-widget-text-editor:not(.elementor-drop-cap-view-default) .elementor-drop-cap{margin-top:8px}.elementor-widget-text-editor:not(.elementor-drop-cap-view-default) .elementor-drop-cap-letter{width:1em;height:1em}.elementor-widget-text-editor .elementor-drop-cap{float:left;text-align:center;line-height:1;font-size:50px}.elementor-widget-text-editor .elementor-drop-cap-letter{display:inline-block}<\/style>\t\t\t\t<ul><li>V\u00e5ganes B\u00e5tforening er en sm\u00e5b\u00e5tshavn som holder til ved det idylliske Ytraberget i Sola Kommune. Siden stiftelsen i 1972 har havnen gradvis utviklet seg til dagens standard med fire moderne brygger og totalt 180 b\u00e5tplasser.\u00a0<\/li><li>Det er 20-30 plasser for joller\/sm\u00e5b\u00e5ter, 130 plasser til mellomstore b\u00e5ter opp til 25 fot og 20 plasser for b\u00e5ter opp til 34 fot<\/li><li>Havnen har rampe for sj\u00f8setting og opptak av b\u00e5ter p\u00e5 henger<\/li><li>\u00a0Havnen benyttes ogs\u00e5 flittig av mindre seilb\u00e5ter og kajakker<\/li><li>Foreningen bygger p\u00e5 dugnadsinnsats. Alle som har b\u00e5tplass plikter til 4 timers dugnad i \u00e5ret<\/li><\/ul>\t\t\t\t\t\t<\/div>\n\t\t\t\t<\/div>\n\t\t\t\t\t<\/div>\n\t\t<\/div>\n\t\t\t\t\t\t\t<\/div>\n\t\t<\/section>\n\t\t\t\t<section class=\"elementor-section elementor-top-section elementor-element elementor-element-8f9f2c0 elementor-section-boxed elementor-section-height-default elementor-section-height-default\" data-id=\"8f9f2c0\" data-element_type=\"section\">\n\t\t\t\t\t\t<div class=\"elementor-container elementor-column-gap-default\">\n\t\t\t\t\t<div class=\"elementor-column elementor-col-66 elementor-top-column elementor-element elementor-element-17419c3\" data-id=\"17419c3\" data-element_type=\"column\">\n\t\t\t<div class=\"elementor-widget-wrap elementor-element-populated\">\n\t\t\t\t\t\t\t\t<div class=\"elementor-element elementor-element-72618c6 elementor-widget elementor-widget-image\" data-id=\"72618c6\" data-element_type=\"widget\" data-widget_type=\"image.default\">\n\t\t\t\t<div class=\"elementor-widget-container\">\n\t\t\t\t\t\t\t\t\t\t\t\t\t\t\t<img loading=\"lazy\" decoding=\"async\" width=\"300\" height=\"225\" src=\"https:\/\/xn--vganesbtforening-dobg.no\/wp-content\/uploads\/2020\/01\/10293799_194338864248971_2462989131512777449_o-1-300x225.jpg\" class=\"attachment-medium size-medium\" alt=\"\" srcset=\"https:\/\/xn--vganesbtforening-dobg.no\/wp-content\/uploads\/2020\/01\/10293799_194338864248971_2462989131512777449_o-1-300x225.jpg 300w, https:\/\/xn--vganesbtforening-dobg.no\/wp-content\/uploads\/2020\/01\/10293799_194338864248971_2462989131512777449_o-1-1024x768.jpg 1024w, https:\/\/xn--vganesbtforening-dobg.no\/wp-content\/uploads\/2020\/01\/10293799_194338864248971_2462989131512777449_o-1-768x576.jpg 768w, https:\/\/xn--vganesbtforening-dobg.no\/wp-content\/uploads\/2020\/01\/10293799_194338864248971_2462989131512777449_o-1-1536x1151.jpg 1536w, https:\/\/xn--vganesbtforening-dobg.no\/wp-content\/uploads\/2020\/01\/10293799_194338864248971_2462989131512777449_o-1.jpg 2048w\" sizes=\"(max-width: 300px) 100vw, 300px\" \/>\t\t\t\t\t\t\t\t\t\t\t\t\t\t\t<\/div>\n\t\t\t\t<\/div>\n\t\t\t\t\t<\/div>\n\t\t<\/div>\n\t\t\t\t<div class=\"elementor-column elementor-col-33 elementor-top-column elementor-element elementor-element-5795e59\" data-id=\"5795e59\" data-element_type=\"column\">\n\t\t\t<div class=\"elementor-widget-wrap elementor-element-populated\">\n\t\t\t\t\t\t\t\t<div class=\"elementor-element elementor-element-f324592 elementor-widget elementor-widget-text-editor\" data-id=\"f324592\" data-element_type=\"widget\" data-widget_type=\"text-editor.default\">\n\t\t\t\t<div class=\"elementor-widget-container\">\n\t\t\t\t\t\t\t<p>Foreningen har ved hjelp av egne midler tatt store l\u00f8ft for \u00e5 utvikle havnen:<\/p><ul><li>Rundt tusen\u00e5rsskiftet ble havna mudret av Selmer &#8211; en operasjon som kostet foreningen nesten 1 million kroner.<\/li><li>V\u00e5ren 2013 ble det foretatt en stor oppgradering av kaifronten i forbindelse med kommunens arbeid med tursti langs sj\u00f8en. Foreningen snekret brygge, og kommunen fylte p\u00e5 grus og hevet plassen der turstien g\u00e5r<\/li><li>I 2023 ble bryggene forsterket og sikret med nye lodd som f\u00f8lge av den rekordtykke isen vinteren 2021<\/li><li>I 2024 vil ytterligere forbedringer av havneomr\u00e5det gj\u00f8res i forbindelse med byggingen av det nye klubbhuset<\/li><\/ul>\t\t\t\t\t\t<\/div>\n\t\t\t\t<\/div>\n\t\t\t\t\t<\/div>\n\t\t<\/div>\n\t\t\t\t\t\t\t<\/div>\n\t\t<\/section>\n\t\t\t\t<section class=\"elementor-section elementor-top-section elementor-element elementor-element-dec8fc3 elementor-section-boxed elementor-section-height-default elementor-section-height-default\" data-id=\"dec8fc3\" data-element_type=\"section\">\n\t\t\t\t\t\t<div class=\"elementor-container elementor-column-gap-default\">\n\t\t\t\t\t<div class=\"elementor-column elementor-col-100 elementor-top-column elementor-element elementor-element-a6c3631\" data-id=\"a6c3631\" data-element_type=\"column\">\n\t\t\t<div class=\"elementor-widget-wrap elementor-element-populated\">\n\t\t\t\t\t\t\t\t<div class=\"elementor-element elementor-element-c17a7bd elementor-widget-divider--view-line elementor-widget elementor-widget-divider\" data-id=\"c17a7bd\" data-element_type=\"widget\" data-widget_type=\"divider.default\">\n\t\t\t\t<div class=\"elementor-widget-container\">\n\t\t\t<style>\/*! elementor - v3.5.3 - 28-12-2021 *\/\n.elementor-widget-divider{--divider-border-style:none;--divider-border-width:1px;--divider-color:#2c2c2c;--divider-icon-size:20px;--divider-element-spacing:10px;--divider-pattern-height:24px;--divider-pattern-size:20px;--divider-pattern-url:none;--divider-pattern-repeat:repeat-x}.elementor-widget-divider .elementor-divider{display:-webkit-box;display:-ms-flexbox;display:flex}.elementor-widget-divider .elementor-divider__text{font-size:15px;line-height:1;max-width:95%}.elementor-widget-divider .elementor-divider__element{margin:0 var(--divider-element-spacing);-ms-flex-negative:0;flex-shrink:0}.elementor-widget-divider .elementor-icon{font-size:var(--divider-icon-size)}.elementor-widget-divider .elementor-divider-separator{display:-webkit-box;display:-ms-flexbox;display:flex;margin:0;direction:ltr}.elementor-widget-divider--view-line_icon .elementor-divider-separator,.elementor-widget-divider--view-line_text .elementor-divider-separator{-webkit-box-align:center;-ms-flex-align:center;align-items:center}.elementor-widget-divider--view-line_icon .elementor-divider-separator:after,.elementor-widget-divider--view-line_icon .elementor-divider-separator:before,.elementor-widget-divider--view-line_text .elementor-divider-separator:after,.elementor-widget-divider--view-line_text .elementor-divider-separator:before{display:block;content:\"\";border-bottom:0;-webkit-box-flex:1;-ms-flex-positive:1;flex-grow:1;border-top:var(--divider-border-width) var(--divider-border-style) var(--divider-color)}.elementor-widget-divider--element-align-left .elementor-divider .elementor-divider-separator>.elementor-divider__svg:first-of-type{-webkit-box-flex:0;-ms-flex-positive:0;flex-grow:0;-ms-flex-negative:100;flex-shrink:100}.elementor-widget-divider--element-align-left .elementor-divider-separator:before{content:none}.elementor-widget-divider--element-align-left .elementor-divider__element{margin-left:0}.elementor-widget-divider--element-align-right .elementor-divider .elementor-divider-separator>.elementor-divider__svg:last-of-type{-webkit-box-flex:0;-ms-flex-positive:0;flex-grow:0;-ms-flex-negative:100;flex-shrink:100}.elementor-widget-divider--element-align-right .elementor-divider-separator:after{content:none}.elementor-widget-divider--element-align-right .elementor-divider__element{margin-right:0}.elementor-widget-divider:not(.elementor-widget-divider--view-line_text):not(.elementor-widget-divider--view-line_icon) .elementor-divider-separator{border-top:var(--divider-border-width) var(--divider-border-style) var(--divider-color)}.elementor-widget-divider--separator-type-pattern{--divider-border-style:none}.elementor-widget-divider--separator-type-pattern.elementor-widget-divider--view-line .elementor-divider-separator,.elementor-widget-divider--separator-type-pattern:not(.elementor-widget-divider--view-line) .elementor-divider-separator:after,.elementor-widget-divider--separator-type-pattern:not(.elementor-widget-divider--view-line) .elementor-divider-separator:before,.elementor-widget-divider--separator-type-pattern:not([class*=elementor-widget-divider--view]) .elementor-divider-separator{width:100%;min-height:var(--divider-pattern-height);-webkit-mask-size:var(--divider-pattern-size) 100%;mask-size:var(--divider-pattern-size) 100%;-webkit-mask-repeat:var(--divider-pattern-repeat);mask-repeat:var(--divider-pattern-repeat);background-color:var(--divider-color);-webkit-mask-image:var(--divider-pattern-url);mask-image:var(--divider-pattern-url)}.elementor-widget-divider--no-spacing{--divider-pattern-size:auto}.elementor-widget-divider--bg-round{--divider-pattern-repeat:round}.rtl .elementor-widget-divider .elementor-divider__text{direction:rtl}<\/style>\t\t<div class=\"elementor-divider\">\n\t\t\t<span class=\"elementor-divider-separator\">\n\t\t\t\t\t\t<\/span>\n\t\t<\/div>\n\t\t\t\t<\/div>\n\t\t\t\t<\/div>\n\t\t\t\t\t<\/div>\n\t\t<\/div>\n\t\t\t\t\t\t\t<\/div>\n\t\t<\/section>\n\t\t\t\t\t\t<\/div>\n\t\t\t\t\t<\/div>\n\t\t","protected":false},"excerpt":{"rendered":"<p>V\u00e5ganes B\u00e5tforening er en sm\u00e5b\u00e5tshavn som holder til ved det idylliske Ytraberget i Sola Kommune. Siden stiftelsen i 1972 har havnen gradvis utviklet seg til dagens standard med fire moderne brygger og totalt 180 b\u00e5tplasser.\u00a0 Det er 20-30 plasser for joller\/sm\u00e5b\u00e5ter, 130 plasser til mellomstore b\u00e5ter opp til 25 fot og 20 plasser for b\u00e5ter [&hellip;]<\/p>\n","protected":false},"author":1,"featured_media":0,"parent":0,"menu_order":0,"comment_status":"closed","ping_status":"closed","template":"","meta":{"footnotes":""},"_links":{"self":[{"href":"https:\/\/xn--vganesbtforening-dobg.no\/index.php\/wp-json\/wp\/v2\/pages\/358"}],"collection":[{"href":"https:\/\/xn--vganesbtforening-dobg.no\/index.php\/wp-json\/wp\/v2\/pages"}],"about":[{"href":"https:\/\/xn--vganesbtforening-dobg.no\/index.php\/wp-json\/wp\/v2\/types\/page"}],"author":[{"embeddable":true,"href":"https:\/\/xn--vganesbtforening-dobg.no\/index.php\/wp-json\/wp\/v2\/users\/1"}],"replies":[{"embeddable":true,"href":"https:\/\/xn--vganesbtforening-dobg.no\/index.php\/wp-json\/wp\/v2\/comments?post=358"}],"version-history":[{"count":34,"href":"https:\/\/xn--vganesbtforening-dobg.no\/index.php\/wp-json\/wp\/v2\/pages\/358\/revisions"}],"predecessor-version":[{"id":920,"href":"https:\/\/xn--vganesbtforening-dobg.no\/index.php\/wp-json\/wp\/v2\/pages\/358\/revisions\/920"}],"wp:attachment":[{"href":"https:\/\/xn--vganesbtforening-dobg.no\/index.php\/wp-json\/wp\/v2\/media?parent=358"}],"curies":[{"name":"wp","href":"https:\/\/api.w.org\/{rel}","templated":true}]}}