{"id":234,"date":"2020-03-05T19:17:13","date_gmt":"2020-03-05T18:17:13","guid":{"rendered":"https:\/\/xn--vganesbtforening-dobg.no\/?page_id=234"},"modified":"2026-02-08T16:58:11","modified_gmt":"2026-02-08T15:58:11","slug":"klubbhus","status":"publish","type":"page","link":"https:\/\/xn--vganesbtforening-dobg.no\/index.php\/vaganes_batforening\/klubbhus\/","title":{"rendered":"Klubbhus"},"content":{"rendered":"\t\t<div data-elementor-type=\"wp-page\" data-elementor-id=\"234\" class=\"elementor elementor-234\" data-elementor-settings=\"[]\">\n\t\t\t\t\t\t\t<div class=\"elementor-section-wrap\">\n\t\t\t\t\t\t\t<section class=\"elementor-section elementor-top-section elementor-element elementor-element-832f2cf elementor-section-boxed elementor-section-height-default elementor-section-height-default\" data-id=\"832f2cf\" data-element_type=\"section\">\n\t\t\t\t\t\t<div class=\"elementor-container elementor-column-gap-default\">\n\t\t\t\t\t<div class=\"elementor-column elementor-col-100 elementor-top-column elementor-element elementor-element-33530b5\" data-id=\"33530b5\" data-element_type=\"column\">\n\t\t\t<div class=\"elementor-widget-wrap elementor-element-populated\">\n\t\t\t\t\t\t\t\t<div class=\"elementor-element elementor-element-fbcbc90 elementor-widget elementor-widget-spacer\" data-id=\"fbcbc90\" data-element_type=\"widget\" data-widget_type=\"spacer.default\">\n\t\t\t\t<div class=\"elementor-widget-container\">\n\t\t\t<style>\/*! elementor - v3.18.0 - 20-12-2023 *\/\n.elementor-column .elementor-spacer-inner{height:var(--spacer-size)}.e-con{--container-widget-width:100%}.e-con-inner>.elementor-widget-spacer,.e-con>.elementor-widget-spacer{width:var(--container-widget-width,var(--spacer-size));--align-self:var(--container-widget-align-self,initial);--flex-shrink:0}.e-con-inner>.elementor-widget-spacer>.elementor-widget-container,.e-con>.elementor-widget-spacer>.elementor-widget-container{height:100%;width:100%}.e-con-inner>.elementor-widget-spacer>.elementor-widget-container>.elementor-spacer,.e-con>.elementor-widget-spacer>.elementor-widget-container>.elementor-spacer{height:100%}.e-con-inner>.elementor-widget-spacer>.elementor-widget-container>.elementor-spacer>.elementor-spacer-inner,.e-con>.elementor-widget-spacer>.elementor-widget-container>.elementor-spacer>.elementor-spacer-inner{height:var(--container-widget-height,var(--spacer-size))}.e-con-inner>.elementor-widget-spacer.elementor-widget-empty,.e-con>.elementor-widget-spacer.elementor-widget-empty{position:relative;min-height:22px;min-width:22px}.e-con-inner>.elementor-widget-spacer.elementor-widget-empty .elementor-widget-empty-icon,.e-con>.elementor-widget-spacer.elementor-widget-empty .elementor-widget-empty-icon{position:absolute;top:0;bottom:0;left:0;right:0;margin:auto;padding:0;width:22px;height:22px}<\/style>\t\t<div class=\"elementor-spacer\">\n\t\t\t<div class=\"elementor-spacer-inner\"><\/div>\n\t\t<\/div>\n\t\t\t\t<\/div>\n\t\t\t\t<\/div>\n\t\t\t\t\t<\/div>\n\t\t<\/div>\n\t\t\t\t\t\t\t<\/div>\n\t\t<\/section>\n\t\t\t\t<section class=\"elementor-section elementor-top-section elementor-element elementor-element-1adf03f elementor-section-boxed elementor-section-height-default elementor-section-height-default\" data-id=\"1adf03f\" data-element_type=\"section\">\n\t\t\t\t\t\t<div class=\"elementor-container elementor-column-gap-default\">\n\t\t\t\t\t<div class=\"elementor-column elementor-col-66 elementor-top-column elementor-element elementor-element-dae97f7\" data-id=\"dae97f7\" data-element_type=\"column\">\n\t\t\t<div class=\"elementor-widget-wrap elementor-element-populated\">\n\t\t\t\t\t\t\t\t<div class=\"elementor-element elementor-element-5696b3c elementor-widget elementor-widget-image\" data-id=\"5696b3c\" data-element_type=\"widget\" data-widget_type=\"image.default\">\n\t\t\t\t<div class=\"elementor-widget-container\">\n\t\t\t<style>\/*! elementor - v3.5.3 - 28-12-2021 *\/\n.elementor-widget-image{text-align:center}.elementor-widget-image a{display:inline-block}.elementor-widget-image a img[src$=\".svg\"]{width:48px}.elementor-widget-image img{vertical-align:middle;display:inline-block}<\/style>\t\t\t\t\t\t\t\t\t\t\t\t<img loading=\"lazy\" decoding=\"async\" width=\"1024\" height=\"681\" src=\"https:\/\/xn--vganesbtforening-dobg.no\/wp-content\/uploads\/2024\/01\/hovedfasade_1-1024x681.jpeg\" class=\"attachment-large size-large\" alt=\"\" srcset=\"https:\/\/xn--vganesbtforening-dobg.no\/wp-content\/uploads\/2024\/01\/hovedfasade_1-1024x681.jpeg 1024w, https:\/\/xn--vganesbtforening-dobg.no\/wp-content\/uploads\/2024\/01\/hovedfasade_1-300x200.jpeg 300w, https:\/\/xn--vganesbtforening-dobg.no\/wp-content\/uploads\/2024\/01\/hovedfasade_1-768x511.jpeg 768w, https:\/\/xn--vganesbtforening-dobg.no\/wp-content\/uploads\/2024\/01\/hovedfasade_1.jpeg 1500w\" sizes=\"(max-width: 1024px) 100vw, 1024px\" \/>\t\t\t\t\t\t\t\t\t\t\t\t\t\t\t<\/div>\n\t\t\t\t<\/div>\n\t\t\t\t\t<\/div>\n\t\t<\/div>\n\t\t\t\t<div class=\"elementor-column elementor-col-33 elementor-top-column elementor-element elementor-element-a43682c\" data-id=\"a43682c\" data-element_type=\"column\">\n\t\t\t<div class=\"elementor-widget-wrap elementor-element-populated\">\n\t\t\t\t\t\t\t\t<div class=\"elementor-element elementor-element-8d3458f elementor-widget elementor-widget-text-editor\" data-id=\"8d3458f\" data-element_type=\"widget\" data-widget_type=\"text-editor.default\">\n\t\t\t\t<div class=\"elementor-widget-container\">\n\t\t\t<style>\/*! elementor - v3.5.3 - 28-12-2021 *\/\n.elementor-widget-text-editor.elementor-drop-cap-view-stacked .elementor-drop-cap{background-color:#818a91;color:#fff}.elementor-widget-text-editor.elementor-drop-cap-view-framed .elementor-drop-cap{color:#818a91;border:3px solid;background-color:transparent}.elementor-widget-text-editor:not(.elementor-drop-cap-view-default) .elementor-drop-cap{margin-top:8px}.elementor-widget-text-editor:not(.elementor-drop-cap-view-default) .elementor-drop-cap-letter{width:1em;height:1em}.elementor-widget-text-editor .elementor-drop-cap{float:left;text-align:center;line-height:1;font-size:50px}.elementor-widget-text-editor .elementor-drop-cap-letter{display:inline-block}<\/style>\t\t\t\t<p>V\u00e5ganes B\u00e5tforening engasjerte Husgalleriet for bygging av et nytt klubbhus med tilh\u00f8rende verksted for medlemmene. Husgalleriet har st\u00e5tt for b\u00e5de arkitektur og prosjektledelse, og foreningen er stolte over resultatet. Et praktbygg for medlemmene, som ble nominert til \u00e5rets nybygg i Sola Kommune!\u00a0<\/p><p>V\u00e5ganes B\u00e5tforening har som m\u00e5lsetning at det nye klubbhuset skal bli en attraksjon for n\u00e6romr\u00e5det. Et sosialt samlingspunkt som bidrar til \u00f8kt fellesskap rundt sj\u00f8livet.<\/p><p>B\u00e5thavnen har f\u00e5tt et moderne bygg som inviterer til aktivitet, den hum\u00f8rfylte dr\u00f8sen med naboer og venner, en god kopp kaffe i hyggelige omgivelser.\u00a0<\/p><p>Et godt sted \u00e5 v\u00e6re for medlemmene! Velkommen!<\/p>\t\t\t\t\t\t<\/div>\n\t\t\t\t<\/div>\n\t\t\t\t\t<\/div>\n\t\t<\/div>\n\t\t\t\t\t\t\t<\/div>\n\t\t<\/section>\n\t\t\t\t<section class=\"elementor-section elementor-top-section elementor-element elementor-element-bd32360 elementor-section-boxed elementor-section-height-default elementor-section-height-default\" data-id=\"bd32360\" data-element_type=\"section\">\n\t\t\t\t\t\t<div class=\"elementor-container elementor-column-gap-default\">\n\t\t\t\t\t<div class=\"elementor-column elementor-col-66 elementor-top-column elementor-element elementor-element-794cca5\" data-id=\"794cca5\" data-element_type=\"column\">\n\t\t\t<div class=\"elementor-widget-wrap elementor-element-populated\">\n\t\t\t\t\t\t\t\t<div class=\"elementor-element elementor-element-16dfdb6 elementor-widget elementor-widget-image\" data-id=\"16dfdb6\" data-element_type=\"widget\" data-widget_type=\"image.default\">\n\t\t\t\t<div class=\"elementor-widget-container\">\n\t\t\t\t\t\t\t\t\t\t\t\t\t\t\t<img loading=\"lazy\" decoding=\"async\" width=\"1024\" height=\"681\" src=\"https:\/\/xn--vganesbtforening-dobg.no\/wp-content\/uploads\/2024\/01\/utsikt-fra-hovedrom-1024x681.jpeg\" class=\"attachment-large size-large\" alt=\"\" srcset=\"https:\/\/xn--vganesbtforening-dobg.no\/wp-content\/uploads\/2024\/01\/utsikt-fra-hovedrom-1024x681.jpeg 1024w, https:\/\/xn--vganesbtforening-dobg.no\/wp-content\/uploads\/2024\/01\/utsikt-fra-hovedrom-300x200.jpeg 300w, https:\/\/xn--vganesbtforening-dobg.no\/wp-content\/uploads\/2024\/01\/utsikt-fra-hovedrom-768x511.jpeg 768w, https:\/\/xn--vganesbtforening-dobg.no\/wp-content\/uploads\/2024\/01\/utsikt-fra-hovedrom.jpeg 1500w\" sizes=\"(max-width: 1024px) 100vw, 1024px\" \/>\t\t\t\t\t\t\t\t\t\t\t\t\t\t\t<\/div>\n\t\t\t\t<\/div>\n\t\t\t\t\t<\/div>\n\t\t<\/div>\n\t\t\t\t<div class=\"elementor-column elementor-col-33 elementor-top-column elementor-element elementor-element-184de7b\" data-id=\"184de7b\" data-element_type=\"column\">\n\t\t\t<div class=\"elementor-widget-wrap elementor-element-populated\">\n\t\t\t\t\t\t\t\t<div class=\"elementor-element elementor-element-a480b31 elementor-widget elementor-widget-text-editor\" data-id=\"a480b31\" data-element_type=\"widget\" data-widget_type=\"text-editor.default\">\n\t\t\t\t<div class=\"elementor-widget-container\">\n\t\t\t\t\t\t\t<p>Klubbhuset har:<\/p><ul><li>Oppholdsrom med moderne, behagelige sittegrupper og peis<\/li><li>Kj\u00f8kken med kran, vask, kj\u00f8leskap\/frys, ovn, platetopp<\/li><li>Toalett, dusj og garderobe<\/li><li>Hyggelig, vindskjermet solkrok<\/li><li>Handicap-vennlige l\u00f8sninger\u00a0<\/li><\/ul><p>Verkstedet har:<\/p><ul><li>Mulighet for enkle reparasjoner og vedlikehold av utstyr<\/li><li>Lys, oppvarming, vann, vask, spyling (ute)<\/li><\/ul><p>Husregler:<\/p><p>Utleie:<\/p><p><span style=\"text-decoration: underline; color: #0000ff;\"><a style=\"color: #0000ff; text-decoration: underline;\" href=\"mailto:bookingvaganesklubbhus@gmail.com\" target=\"_blank\" rel=\"noopener\">bookingvaganesklubbhus@gmail.c<wbr \/>om<\/a><\/span>\u00a0<\/p>\t\t\t\t\t\t<\/div>\n\t\t\t\t<\/div>\n\t\t\t\t\t<\/div>\n\t\t<\/div>\n\t\t\t\t\t\t\t<\/div>\n\t\t<\/section>\n\t\t\t\t\t\t<\/div>\n\t\t\t\t\t<\/div>\n\t\t","protected":false},"excerpt":{"rendered":"<p>V\u00e5ganes B\u00e5tforening engasjerte Husgalleriet for bygging av et nytt klubbhus med tilh\u00f8rende verksted for medlemmene. Husgalleriet har st\u00e5tt for b\u00e5de arkitektur og prosjektledelse, og foreningen er stolte over resultatet. Et praktbygg for medlemmene, som ble nominert til \u00e5rets nybygg i Sola Kommune!\u00a0 V\u00e5ganes B\u00e5tforening har som m\u00e5lsetning at det nye klubbhuset skal bli en attraksjon [&hellip;]<\/p>\n","protected":false},"author":1,"featured_media":0,"parent":37,"menu_order":0,"comment_status":"closed","ping_status":"closed","template":"elementor_header_footer","meta":{"footnotes":""},"_links":{"self":[{"href":"https:\/\/xn--vganesbtforening-dobg.no\/index.php\/wp-json\/wp\/v2\/pages\/234"}],"collection":[{"href":"https:\/\/xn--vganesbtforening-dobg.no\/index.php\/wp-json\/wp\/v2\/pages"}],"about":[{"href":"https:\/\/xn--vganesbtforening-dobg.no\/index.php\/wp-json\/wp\/v2\/types\/page"}],"author":[{"embeddable":true,"href":"https:\/\/xn--vganesbtforening-dobg.no\/index.php\/wp-json\/wp\/v2\/users\/1"}],"replies":[{"embeddable":true,"href":"https:\/\/xn--vganesbtforening-dobg.no\/index.php\/wp-json\/wp\/v2\/comments?post=234"}],"version-history":[{"count":86,"href":"https:\/\/xn--vganesbtforening-dobg.no\/index.php\/wp-json\/wp\/v2\/pages\/234\/revisions"}],"predecessor-version":[{"id":1232,"href":"https:\/\/xn--vganesbtforening-dobg.no\/index.php\/wp-json\/wp\/v2\/pages\/234\/revisions\/1232"}],"up":[{"embeddable":true,"href":"https:\/\/xn--vganesbtforening-dobg.no\/index.php\/wp-json\/wp\/v2\/pages\/37"}],"wp:attachment":[{"href":"https:\/\/xn--vganesbtforening-dobg.no\/index.php\/wp-json\/wp\/v2\/media?parent=234"}],"curies":[{"name":"wp","href":"https:\/\/api.w.org\/{rel}","templated":true}]}}